{"id":415,"date":"2024-06-28T17:55:41","date_gmt":"2024-06-28T15:55:41","guid":{"rendered":"https:\/\/shop.fortuno.hr\/?post_type=product&#038;p=415"},"modified":"2024-07-17T18:33:37","modified_gmt":"2024-07-17T16:33:37","slug":"infocards","status":"publish","type":"product","link":"https:\/\/shop.fortuno.hr\/hr\/proizvod\/infocards\/","title":{"rendered":"Info kartice"},"content":{"rendered":"<div data-elementor-type=\"section\" data-elementor-id=\"661\" class=\"elementor elementor-661\" data-elementor-post-type=\"elementor_library\">\n\t\t\t<div class=\"elementor-element elementor-element-276b807b e-flex e-con-boxed e-con e-parent\" data-id=\"276b807b\" data-element_type=\"container\">\n\t\t\t\t\t<div class=\"e-con-inner\">\n\t\t\t\t<div class=\"elementor-element elementor-element-6247bb61 elementor-widget elementor-widget-text-editor\" data-id=\"6247bb61\" data-element_type=\"widget\" data-widget_type=\"text-editor.default\">\n\t\t\t\t<div class=\"elementor-widget-container\">\n\t\t\t<style>\/*! elementor - v3.23.0 - 25-07-2024 *\/\n.elementor-widget-text-editor.elementor-drop-cap-view-stacked .elementor-drop-cap{background-color:#69727d;color:#fff}.elementor-widget-text-editor.elementor-drop-cap-view-framed .elementor-drop-cap{color:#69727d;border:3px solid;background-color:transparent}.elementor-widget-text-editor:not(.elementor-drop-cap-view-default) .elementor-drop-cap{margin-top:8px}.elementor-widget-text-editor:not(.elementor-drop-cap-view-default) .elementor-drop-cap-letter{width:1em;height:1em}.elementor-widget-text-editor .elementor-drop-cap{float:left;text-align:center;line-height:1;font-size:50px}.elementor-widget-text-editor .elementor-drop-cap-letter{display:inline-block}<\/style>\t\t\t\t<h3>InfoCards:<strong> Versatile NFC-Enabled Information Sharing<\/strong><\/h3><p>Sized like a credit card, InfoCards are equipped with a personal NFC chip that can be easily programmed to direct users to any desired digital content. Suitable for both personal and business use, they make great souvenirs or upsell items for guests. Their compact size and customizable nature make them a versatile tool for information sharing and personal branding.<\/p><h3>\u00a0<\/h3><h3><strong>Uklju\u010deno u po\u010detnu cijenu:<\/strong><\/h3><ul><li><strong>Personal NFC Chip Programming<\/strong> for easy access to digital content<\/li><li><strong>Customizable Design and Branding<\/strong> options<\/li><li><strong>Initial Setup and Programming<\/strong> for immediate use<\/li><li><strong>Individually Packed<\/strong> in protective sleeves for distribution<\/li><\/ul><h3>\u00a0<\/h3><h3><strong>Dodatne opcije:<\/strong><\/h3><ul><li><strong>Premium Packaging<\/strong> options for gifting or retail display<\/li><\/ul>\t\t\t\t\t\t<\/div>\n\t\t\t\t<\/div>\n\t\t\t\t<div class=\"elementor-element elementor-element-124feb9f elementor-widget elementor-widget-text-editor\" data-id=\"124feb9f\" data-element_type=\"widget\" data-widget_type=\"text-editor.default\">\n\t\t\t\t<div class=\"elementor-widget-container\">\n\t\t\t\t\t\t\t<h3><strong>Dimensions and usage:<\/strong><\/h3><ul><li>Size: 8.5 cm x 5.5 cm x 2 mm<\/li><li>Suitable for Indoor Use (prolonged outdoor exposure is not recommended)<\/li><\/ul><h3>\u00a0<\/h3><h3><strong>Installation<\/strong><\/h3><p>No installation is required; simply distribute them to your audience.<\/p><h3>\u00a0<\/h3><h3><strong>Orders and Shipping:<\/strong><\/h3><ul><li><strong>Jednostavno naru\u010divanje:<\/strong> Naru\u010dite putem na\u0161e web stranice ili izravno kontaktirajte na\u0161 prodajni tim.<\/li><li><strong>Dostava diljem svijeta:<\/strong> U\u017eivajte u raznim opcijama dostave koje zadovoljavaju va\u0161e potrebe, uz dodatno vrijeme obrade prilago\u0111enih narud\u017ebi.<\/li><li><strong>Minimum Order Quantity<\/strong>: May apply for custom designs.<\/li><\/ul>\t\t\t\t\t\t<\/div>\n\t\t\t\t<\/div>\n\t\t\t\t\t<\/div>\n\t\t\t\t<\/div>\n\t\t<div class=\"elementor-element elementor-element-cf059ff e-flex e-con-boxed e-con e-parent\" data-id=\"cf059ff\" data-element_type=\"container\">\n\t\t\t\t\t<div class=\"e-con-inner\">\n\t\t\t\t<div class=\"elementor-element elementor-element-2cab1e5 elementor-widget elementor-widget-heading\" data-id=\"2cab1e5\" data-element_type=\"widget\" data-widget_type=\"heading.default\">\n\t\t\t\t<div class=\"elementor-widget-container\">\n\t\t\t<h2 class=\"elementor-heading-title elementor-size-default\">Najbolje prakse<\/h2>\t\t<\/div>\n\t\t\t\t<\/div>\n\t\t\t\t\t<\/div>\n\t\t\t\t<\/div>\n\t\t<div class=\"elementor-element elementor-element-2f40b3d2 e-grid e-con-boxed e-con e-parent\" data-id=\"2f40b3d2\" data-element_type=\"container\">\n\t\t\t\t\t<div class=\"e-con-inner\">\n\t\t<div class=\"elementor-element elementor-element-19abd74f e-con-full e-flex e-con e-child\" data-id=\"19abd74f\" data-element_type=\"container\">\n\t\t\t\t<div class=\"elementor-element elementor-element-3f48d624 elementor-widget elementor-widget-image\" data-id=\"3f48d624\" data-element_type=\"widget\" data-widget_type=\"image.default\">\n\t\t\t\t<div class=\"elementor-widget-container\">\n\t\t\t<style>\/*! elementor - v3.23.0 - 25-07-2024 *\/\n.elementor-widget-image{text-align:center}.elementor-widget-image a{display:inline-block}.elementor-widget-image a img[src$=\".svg\"]{width:48px}.elementor-widget-image img{vertical-align:middle;display:inline-block}<\/style>\t\t\t\t\t\t\t\t\t\t<img fetchpriority=\"high\" decoding=\"async\" width=\"800\" height=\"534\" src=\"https:\/\/shop.fortuno.hr\/wp-content\/uploads\/2024\/07\/scan-card.jpg\" class=\"attachment-large size-large wp-image-1146\" alt=\"\" srcset=\"https:\/\/shop.fortuno.hr\/wp-content\/uploads\/2024\/07\/scan-card.jpg 1000w, https:\/\/shop.fortuno.hr\/wp-content\/uploads\/2024\/07\/scan-card-300x200.jpg 300w, https:\/\/shop.fortuno.hr\/wp-content\/uploads\/2024\/07\/scan-card-768x512.jpg 768w, https:\/\/shop.fortuno.hr\/wp-content\/uploads\/2024\/07\/scan-card-18x12.jpg 18w, https:\/\/shop.fortuno.hr\/wp-content\/uploads\/2024\/07\/scan-card-600x400.jpg 600w\" sizes=\"(max-width: 800px) 100vw, 800px\" \/>\t\t\t\t\t\t\t\t\t\t\t\t\t<\/div>\n\t\t\t\t<\/div>\n\t\t\t\t<div class=\"elementor-element elementor-element-469d3a0e elementor-widget elementor-widget-text-editor\" data-id=\"469d3a0e\" data-element_type=\"widget\" data-widget_type=\"text-editor.default\">\n\t\t\t\t<div class=\"elementor-widget-container\">\n\t\t\t\t\t\t\t<h3>Promotional Items<\/h3><p>Utilize InfoCards as unique promotional giveaways, allowing customers to easily access digital content related to your brand or services.<\/p>\t\t\t\t\t\t<\/div>\n\t\t\t\t<\/div>\n\t\t\t\t<\/div>\n\t\t<div class=\"elementor-element elementor-element-5f4a9e2c e-con-full e-flex e-con e-child\" data-id=\"5f4a9e2c\" data-element_type=\"container\">\n\t\t\t\t<div class=\"elementor-element elementor-element-3a185d0f elementor-widget elementor-widget-image\" data-id=\"3a185d0f\" data-element_type=\"widget\" data-widget_type=\"image.default\">\n\t\t\t\t<div class=\"elementor-widget-container\">\n\t\t\t\t\t\t\t\t\t\t\t\t\t<img decoding=\"async\" width=\"800\" height=\"534\" src=\"https:\/\/shop.fortuno.hr\/wp-content\/uploads\/2024\/07\/business-card.jpg\" class=\"attachment-large size-large wp-image-1139\" alt=\"\" srcset=\"https:\/\/shop.fortuno.hr\/wp-content\/uploads\/2024\/07\/business-card.jpg 1000w, https:\/\/shop.fortuno.hr\/wp-content\/uploads\/2024\/07\/business-card-300x200.jpg 300w, https:\/\/shop.fortuno.hr\/wp-content\/uploads\/2024\/07\/business-card-768x512.jpg 768w, https:\/\/shop.fortuno.hr\/wp-content\/uploads\/2024\/07\/business-card-18x12.jpg 18w, https:\/\/shop.fortuno.hr\/wp-content\/uploads\/2024\/07\/business-card-600x400.jpg 600w\" sizes=\"(max-width: 800px) 100vw, 800px\" \/>\t\t\t\t\t\t\t\t\t\t\t\t\t<\/div>\n\t\t\t\t<\/div>\n\t\t\t\t<div class=\"elementor-element elementor-element-afdd00e elementor-widget elementor-widget-text-editor\" data-id=\"afdd00e\" data-element_type=\"widget\" data-widget_type=\"text-editor.default\">\n\t\t\t\t<div class=\"elementor-widget-container\">\n\t\t\t\t\t\t\t<h3>Business Cards<\/h3><p>Use InfoCards as modern business cards that direct recipients to your digital portfolio, social media profiles, or website.<\/p>\t\t\t\t\t\t<\/div>\n\t\t\t\t<\/div>\n\t\t\t\t<\/div>\n\t\t<div class=\"elementor-element elementor-element-67709d9f e-con-full e-flex e-con e-child\" data-id=\"67709d9f\" data-element_type=\"container\">\n\t\t\t\t<div class=\"elementor-element elementor-element-277fda47 elementor-widget elementor-widget-image\" data-id=\"277fda47\" data-element_type=\"widget\" data-widget_type=\"image.default\">\n\t\t\t\t<div class=\"elementor-widget-container\">\n\t\t\t\t\t\t\t\t\t\t\t\t\t<img decoding=\"async\" width=\"800\" height=\"534\" src=\"https:\/\/shop.fortuno.hr\/wp-content\/uploads\/2024\/07\/conference2.jpg\" class=\"attachment-large size-large wp-image-1097\" alt=\"\" srcset=\"https:\/\/shop.fortuno.hr\/wp-content\/uploads\/2024\/07\/conference2.jpg 1000w, https:\/\/shop.fortuno.hr\/wp-content\/uploads\/2024\/07\/conference2-300x200.jpg 300w, https:\/\/shop.fortuno.hr\/wp-content\/uploads\/2024\/07\/conference2-768x512.jpg 768w, https:\/\/shop.fortuno.hr\/wp-content\/uploads\/2024\/07\/conference2-18x12.jpg 18w, https:\/\/shop.fortuno.hr\/wp-content\/uploads\/2024\/07\/conference2-600x400.jpg 600w\" sizes=\"(max-width: 800px) 100vw, 800px\" \/>\t\t\t\t\t\t\t\t\t\t\t\t\t<\/div>\n\t\t\t\t<\/div>\n\t\t\t\t<div class=\"elementor-element elementor-element-6c8ffbd1 elementor-widget elementor-widget-text-editor\" data-id=\"6c8ffbd1\" data-element_type=\"widget\" data-widget_type=\"text-editor.default\">\n\t\t\t\t<div class=\"elementor-widget-container\">\n\t\t\t\t\t\t\t<h3>Event Souvenirs<\/h3><p>Distribute InfoCards at conferences, trade shows, or events as souvenirs, linking attendees to event highlights or additional resources.<\/p>\t\t\t\t\t\t<\/div>\n\t\t\t\t<\/div>\n\t\t\t\t<\/div>\n\t\t<div class=\"elementor-element elementor-element-1164845e e-con-full e-flex e-con e-child\" data-id=\"1164845e\" data-element_type=\"container\">\n\t\t\t\t<div class=\"elementor-element elementor-element-1e1c6da2 elementor-widget elementor-widget-image\" data-id=\"1e1c6da2\" data-element_type=\"widget\" data-widget_type=\"image.default\">\n\t\t\t\t<div class=\"elementor-widget-container\">\n\t\t\t\t\t\t\t\t\t\t\t\t\t<img loading=\"lazy\" decoding=\"async\" width=\"800\" height=\"534\" src=\"https:\/\/shop.fortuno.hr\/wp-content\/uploads\/2024\/07\/keycard.jpg\" class=\"attachment-large size-large wp-image-1140\" alt=\"\" srcset=\"https:\/\/shop.fortuno.hr\/wp-content\/uploads\/2024\/07\/keycard.jpg 1000w, https:\/\/shop.fortuno.hr\/wp-content\/uploads\/2024\/07\/keycard-300x200.jpg 300w, https:\/\/shop.fortuno.hr\/wp-content\/uploads\/2024\/07\/keycard-768x512.jpg 768w, https:\/\/shop.fortuno.hr\/wp-content\/uploads\/2024\/07\/keycard-18x12.jpg 18w, https:\/\/shop.fortuno.hr\/wp-content\/uploads\/2024\/07\/keycard-600x400.jpg 600w\" sizes=\"(max-width: 800px) 100vw, 800px\" \/>\t\t\t\t\t\t\t\t\t\t\t\t\t<\/div>\n\t\t\t\t<\/div>\n\t\t\t\t<div class=\"elementor-element elementor-element-6af5671e elementor-widget elementor-widget-text-editor\" data-id=\"6af5671e\" data-element_type=\"widget\" data-widget_type=\"text-editor.default\">\n\t\t\t\t<div class=\"elementor-widget-container\">\n\t\t\t\t\t\t\t<h3>Hotel Keycards<\/h3><p>Implement InfoCards as room keycards that also provide guests with information about hotel amenities, local attractions, and special offers.<\/p>\t\t\t\t\t\t<\/div>\n\t\t\t\t<\/div>\n\t\t\t\t<\/div>\n\t\t<div class=\"elementor-element elementor-element-73af282c e-con-full e-flex e-con e-child\" data-id=\"73af282c\" data-element_type=\"container\">\n\t\t\t\t<div class=\"elementor-element elementor-element-1d23ef37 elementor-widget elementor-widget-image\" data-id=\"1d23ef37\" data-element_type=\"widget\" data-widget_type=\"image.default\">\n\t\t\t\t<div class=\"elementor-widget-container\">\n\t\t\t\t\t\t\t\t\t\t\t\t\t<img loading=\"lazy\" decoding=\"async\" width=\"800\" height=\"534\" src=\"https:\/\/shop.fortuno.hr\/wp-content\/uploads\/2024\/07\/loyality-card.jpg\" class=\"attachment-large size-large wp-image-1142\" alt=\"\" srcset=\"https:\/\/shop.fortuno.hr\/wp-content\/uploads\/2024\/07\/loyality-card.jpg 1000w, https:\/\/shop.fortuno.hr\/wp-content\/uploads\/2024\/07\/loyality-card-300x200.jpg 300w, https:\/\/shop.fortuno.hr\/wp-content\/uploads\/2024\/07\/loyality-card-768x512.jpg 768w, https:\/\/shop.fortuno.hr\/wp-content\/uploads\/2024\/07\/loyality-card-18x12.jpg 18w, https:\/\/shop.fortuno.hr\/wp-content\/uploads\/2024\/07\/loyality-card-600x400.jpg 600w\" sizes=\"(max-width: 800px) 100vw, 800px\" \/>\t\t\t\t\t\t\t\t\t\t\t\t\t<\/div>\n\t\t\t\t<\/div>\n\t\t\t\t<div class=\"elementor-element elementor-element-1ba139cb elementor-widget elementor-widget-text-editor\" data-id=\"1ba139cb\" data-element_type=\"widget\" data-widget_type=\"text-editor.default\">\n\t\t\t\t<div class=\"elementor-widget-container\">\n\t\t\t\t\t\t\t<h3>Loyalty Cards<\/h3><p>Use InfoCards as loyalty cards for customers, directing them to exclusive promotions or rewards programs via NFC technology.<\/p>\t\t\t\t\t\t<\/div>\n\t\t\t\t<\/div>\n\t\t\t\t<\/div>\n\t\t<div class=\"elementor-element elementor-element-57afba08 e-con-full e-flex e-con e-child\" data-id=\"57afba08\" data-element_type=\"container\">\n\t\t\t\t<div class=\"elementor-element elementor-element-6114a400 elementor-widget elementor-widget-image\" data-id=\"6114a400\" data-element_type=\"widget\" data-widget_type=\"image.default\">\n\t\t\t\t<div class=\"elementor-widget-container\">\n\t\t\t\t\t\t\t\t\t\t\t\t\t<img loading=\"lazy\" decoding=\"async\" width=\"800\" height=\"533\" src=\"https:\/\/shop.fortuno.hr\/wp-content\/uploads\/2024\/07\/gift-1024x682.jpg\" class=\"attachment-large size-large wp-image-1115\" alt=\"\" srcset=\"https:\/\/shop.fortuno.hr\/wp-content\/uploads\/2024\/07\/gift-1024x682.jpg 1024w, https:\/\/shop.fortuno.hr\/wp-content\/uploads\/2024\/07\/gift-300x200.jpg 300w, https:\/\/shop.fortuno.hr\/wp-content\/uploads\/2024\/07\/gift-768x512.jpg 768w, https:\/\/shop.fortuno.hr\/wp-content\/uploads\/2024\/07\/gift-18x12.jpg 18w, https:\/\/shop.fortuno.hr\/wp-content\/uploads\/2024\/07\/gift-600x400.jpg 600w, https:\/\/shop.fortuno.hr\/wp-content\/uploads\/2024\/07\/gift.jpg 1280w\" sizes=\"(max-width: 800px) 100vw, 800px\" \/>\t\t\t\t\t\t\t\t\t\t\t\t\t<\/div>\n\t\t\t\t<\/div>\n\t\t\t\t<div class=\"elementor-element elementor-element-1820101e elementor-widget elementor-widget-text-editor\" data-id=\"1820101e\" data-element_type=\"widget\" data-widget_type=\"text-editor.default\">\n\t\t\t\t<div class=\"elementor-widget-container\">\n\t\t\t\t\t\t\t<h3>Custom Gifts<\/h3><p>Offer premium packaging options for InfoCards as gifts, enhancing their appeal for special occasions or corporate gifting.<\/p>\t\t\t\t\t\t<\/div>\n\t\t\t\t<\/div>\n\t\t\t\t<\/div>\n\t\t\t\t\t<\/div>\n\t\t\t\t<\/div>\n\t\t\t\t<\/div>","protected":false},"excerpt":{"rendered":"","protected":false},"featured_media":747,"comment_status":"open","ping_status":"closed","template":"","meta":[],"product_cat":[55,62,63,57,64,56,52],"product_tag":[],"class_list":{"0":"post-415","1":"product","2":"type-product","3":"status-publish","4":"has-post-thumbnail","6":"product_cat-tourist-board","7":"product_cat-hotels","8":"product_cat-apartments","9":"product_cat-exhibitions-organizers","10":"product_cat-cultural-attraction","11":"product_cat-tourist-attraction","12":"product_cat-indoor","14":"first","15":"instock","16":"taxable","17":"shipping-taxable","18":"purchasable","19":"product-type-simple"},"_links":{"self":[{"href":"https:\/\/shop.fortuno.hr\/hr\/wp-json\/wp\/v2\/product\/415","targetHints":{"allow":["GET"]}}],"collection":[{"href":"https:\/\/shop.fortuno.hr\/hr\/wp-json\/wp\/v2\/product"}],"about":[{"href":"https:\/\/shop.fortuno.hr\/hr\/wp-json\/wp\/v2\/types\/product"}],"replies":[{"embeddable":true,"href":"https:\/\/shop.fortuno.hr\/hr\/wp-json\/wp\/v2\/comments?post=415"}],"version-history":[{"count":2,"href":"https:\/\/shop.fortuno.hr\/hr\/wp-json\/wp\/v2\/product\/415\/revisions"}],"predecessor-version":[{"id":672,"href":"https:\/\/shop.fortuno.hr\/hr\/wp-json\/wp\/v2\/product\/415\/revisions\/672"}],"wp:featuredmedia":[{"embeddable":true,"href":"https:\/\/shop.fortuno.hr\/hr\/wp-json\/wp\/v2\/media\/747"}],"wp:attachment":[{"href":"https:\/\/shop.fortuno.hr\/hr\/wp-json\/wp\/v2\/media?parent=415"}],"wp:term":[{"taxonomy":"product_cat","embeddable":true,"href":"https:\/\/shop.fortuno.hr\/hr\/wp-json\/wp\/v2\/product_cat?post=415"},{"taxonomy":"product_tag","embeddable":true,"href":"https:\/\/shop.fortuno.hr\/hr\/wp-json\/wp\/v2\/product_tag?post=415"}],"curies":[{"name":"wp","href":"https:\/\/api.w.org\/{rel}","templated":true}]}}