{"id":409,"date":"2024-06-28T17:54:59","date_gmt":"2024-06-28T15:54:59","guid":{"rendered":"https:\/\/shop.fortuno.hr\/?post_type=product&#038;p=409"},"modified":"2024-07-17T18:34:42","modified_gmt":"2024-07-17T16:34:42","slug":"infoboard","status":"publish","type":"product","link":"https:\/\/shop.fortuno.hr\/hr\/proizvod\/infoboard\/","title":{"rendered":"InfoBoard"},"content":{"rendered":"<div data-elementor-type=\"section\" data-elementor-id=\"660\" class=\"elementor elementor-660\" data-elementor-post-type=\"elementor_library\">\n\t\t\t<div class=\"elementor-element elementor-element-37793e28 e-flex e-con-boxed e-con e-parent\" data-id=\"37793e28\" data-element_type=\"container\">\n\t\t\t\t\t<div class=\"e-con-inner\">\n\t\t\t\t<div class=\"elementor-element elementor-element-7d64e88b elementor-widget elementor-widget-text-editor\" data-id=\"7d64e88b\" data-element_type=\"widget\" data-widget_type=\"text-editor.default\">\n\t\t\t\t<div class=\"elementor-widget-container\">\n\t\t\t<style>\/*! elementor - v3.23.0 - 25-07-2024 *\/\n.elementor-widget-text-editor.elementor-drop-cap-view-stacked .elementor-drop-cap{background-color:#69727d;color:#fff}.elementor-widget-text-editor.elementor-drop-cap-view-framed .elementor-drop-cap{color:#69727d;border:3px solid;background-color:transparent}.elementor-widget-text-editor:not(.elementor-drop-cap-view-default) .elementor-drop-cap{margin-top:8px}.elementor-widget-text-editor:not(.elementor-drop-cap-view-default) .elementor-drop-cap-letter{width:1em;height:1em}.elementor-widget-text-editor .elementor-drop-cap{float:left;text-align:center;line-height:1;font-size:50px}.elementor-widget-text-editor .elementor-drop-cap-letter{display:inline-block}<\/style>\t\t\t\t<h3><strong>InfoBoard: Elegantna i funkcionalna informacijska to\u010dka<\/strong><\/h3><p>InfoBoard je tro\u0161kovno u\u010dinkovito rje\u0161enje koje ne dovodi u pitanje stil ili funkcionalnost. Veli\u010dine otprilike A4, ima drveni okvir s metalnim pokrovom za ugravirane informacije. Idealan za vanjska okru\u017eenja poput parkova i prirodnih rezervata, InfoBoard se neprimjetno stapa s prirodnim okru\u017eenjima dok pru\u017ea bitne informacije putem NFC-QR tehnologije.<\/p><h3><strong>Uklju\u010deno u po\u010detnu cijenu:<\/strong><\/h3><ul><li><strong>Drveni okvir<\/strong> s metalnim pokrovom za ugravirane podatke<\/li><li><strong>NFC-QR tehnologija<\/strong> za lak\u0161i pristup informacijama<\/li><li><strong>Hardver za monta\u017eu f<\/strong>ili pri\u010dvr\u0161\u0107ivanje za stup ili zid<\/li><li><strong>Po\u010detno postavljanje i programiranje<\/strong>g za trenutnu upotrebu<\/li><\/ul><h3>\u00a0<\/h3><h3><strong>Dodatne opcije:<\/strong><\/h3><ul><li><strong>Prilagodljivi stup<\/strong> (visina po zahtjevu)<\/li><li><strong>Usluge monta\u017ee<\/strong><\/li><li><strong>LED osvijetljenje<\/strong> za pobolj\u0161anu vidljivost u uvjetima slabog osvjetljenja (zahtijeva uti\u010dnicu)<\/li><li><strong>Prilago\u0111ene veli\u010dine i materijali<\/strong> odgovarati specifi\u010dnim zahtjevima<\/li><li><strong>Dodatni za\u0161titni premaz<\/strong> za pove\u0107anu izdr\u017eljivost u vanjskim okru\u017eenjima<\/li><\/ul><p>\u00a0<\/p>\t\t\t\t\t\t<\/div>\n\t\t\t\t<\/div>\n\t\t\t\t<div class=\"elementor-element elementor-element-7ffbbd68 elementor-widget elementor-widget-text-editor\" data-id=\"7ffbbd68\" data-element_type=\"widget\" data-widget_type=\"text-editor.default\">\n\t\t\t\t<div class=\"elementor-widget-container\">\n\t\t\t\t\t\t\t<h3><strong>Vrhunska kvaliteta i trajnost:<\/strong><\/h3><ul><li><strong>Materijali:<\/strong> Izra\u0111en od prirodnog hrastovog drva 100%, InfoBoard nije samo vizualno privla\u010dan, ve\u0107 je i napravljen da traje.<\/li><li><strong>Unutarnja i vanjska uporaba:<\/strong> Iako je dizajniran za unutarnju upotrebu, njegova robusna konstrukcija osigurava visoku otpornost na vanjske uvjete.<\/li><li><strong>Veli\u010dina<\/strong>: 23 cm x 32 cm x 2 cm<\/li><\/ul><h3>\u00a0<\/h3><h3><strong>Instalacija i upotreba:<\/strong><\/h3><ul><li><p>Postavite na stup za tlo ili pri\u010dvrstite na zid pomo\u0107u prilo\u017eenog hardvera.<\/p><\/li><\/ul><h3>\u00a0<\/h3><h3><strong>Informacije o narud\u017ebi i dostavi:<\/strong><\/h3><ul><li><strong>Jednostavno naru\u010divanje:<\/strong> Naru\u010dite putem na\u0161e web stranice ili izravno kontaktirajte na\u0161 prodajni tim.<\/li><li><strong>Dostava diljem svijeta:<\/strong> U\u017eivajte u raznim opcijama dostave koje zadovoljavaju va\u0161e potrebe, uz dodatno vrijeme obrade prilago\u0111enih narud\u017ebi.<\/li><\/ul>\t\t\t\t\t\t<\/div>\n\t\t\t\t<\/div>\n\t\t\t\t\t<\/div>\n\t\t\t\t<\/div>\n\t\t<div class=\"elementor-element elementor-element-f727af4 e-flex e-con-boxed e-con e-parent\" data-id=\"f727af4\" data-element_type=\"container\">\n\t\t\t\t\t<div class=\"e-con-inner\">\n\t\t\t\t<div class=\"elementor-element elementor-element-ff186c1 elementor-widget elementor-widget-heading\" data-id=\"ff186c1\" data-element_type=\"widget\" data-widget_type=\"heading.default\">\n\t\t\t\t<div class=\"elementor-widget-container\">\n\t\t\t<h2 class=\"elementor-heading-title elementor-size-default\">Najbolje prakse<\/h2>\t\t<\/div>\n\t\t\t\t<\/div>\n\t\t\t\t\t<\/div>\n\t\t\t\t<\/div>\n\t\t<div class=\"elementor-element elementor-element-291a1bf5 e-grid e-con-boxed e-con e-parent\" data-id=\"291a1bf5\" data-element_type=\"container\">\n\t\t\t\t\t<div class=\"e-con-inner\">\n\t\t<div class=\"elementor-element elementor-element-7ee89ff3 e-con-full e-flex e-con e-child\" data-id=\"7ee89ff3\" data-element_type=\"container\">\n\t\t\t\t<div class=\"elementor-element elementor-element-625946b2 elementor-widget elementor-widget-image\" data-id=\"625946b2\" data-element_type=\"widget\" data-widget_type=\"image.default\">\n\t\t\t\t<div class=\"elementor-widget-container\">\n\t\t\t<style>\/*! elementor - v3.23.0 - 25-07-2024 *\/\n.elementor-widget-image{text-align:center}.elementor-widget-image a{display:inline-block}.elementor-widget-image a img[src$=\".svg\"]{width:48px}.elementor-widget-image img{vertical-align:middle;display:inline-block}<\/style>\t\t\t\t\t\t\t\t\t\t<img fetchpriority=\"high\" decoding=\"async\" width=\"800\" height=\"534\" src=\"https:\/\/shop.fortuno.hr\/wp-content\/uploads\/2024\/07\/map.jpg\" class=\"attachment-large size-large wp-image-1127\" alt=\"\" srcset=\"https:\/\/shop.fortuno.hr\/wp-content\/uploads\/2024\/07\/map.jpg 1000w, https:\/\/shop.fortuno.hr\/wp-content\/uploads\/2024\/07\/map-300x200.jpg 300w, https:\/\/shop.fortuno.hr\/wp-content\/uploads\/2024\/07\/map-768x512.jpg 768w, https:\/\/shop.fortuno.hr\/wp-content\/uploads\/2024\/07\/map-18x12.jpg 18w, https:\/\/shop.fortuno.hr\/wp-content\/uploads\/2024\/07\/map-600x400.jpg 600w\" sizes=\"(max-width: 800px) 100vw, 800px\" \/>\t\t\t\t\t\t\t\t\t\t\t\t\t<\/div>\n\t\t\t\t<\/div>\n\t\t\t\t<div class=\"elementor-element elementor-element-26dcf435 elementor-widget elementor-widget-text-editor\" data-id=\"26dcf435\" data-element_type=\"widget\" data-widget_type=\"text-editor.default\">\n\t\t\t\t<div class=\"elementor-widget-container\">\n\t\t\t\t\t\t\t<h3>Informacijski centri na otvorenom<\/h3><p>Postavite InfoBoards u parkove, prirodne rezervate ili turisti\u010dke atrakcije kako biste pru\u017eili karte, informacije o stazama, vodi\u010de o divljim \u017eivotinjama ili pravila parka.<\/p>\t\t\t\t\t\t<\/div>\n\t\t\t\t<\/div>\n\t\t\t\t<\/div>\n\t\t<div class=\"elementor-element elementor-element-1887de8 e-con-full e-flex e-con e-child\" data-id=\"1887de8\" data-element_type=\"container\">\n\t\t\t\t<div class=\"elementor-element elementor-element-73325728 elementor-widget elementor-widget-image\" data-id=\"73325728\" data-element_type=\"widget\" data-widget_type=\"image.default\">\n\t\t\t\t<div class=\"elementor-widget-container\">\n\t\t\t\t\t\t\t\t\t\t\t\t\t<img decoding=\"async\" width=\"800\" height=\"535\" src=\"https:\/\/shop.fortuno.hr\/wp-content\/uploads\/2024\/07\/garden.jpg\" class=\"attachment-large size-large wp-image-1129\" alt=\"\" srcset=\"https:\/\/shop.fortuno.hr\/wp-content\/uploads\/2024\/07\/garden.jpg 1000w, https:\/\/shop.fortuno.hr\/wp-content\/uploads\/2024\/07\/garden-300x201.jpg 300w, https:\/\/shop.fortuno.hr\/wp-content\/uploads\/2024\/07\/garden-768x514.jpg 768w, https:\/\/shop.fortuno.hr\/wp-content\/uploads\/2024\/07\/garden-18x12.jpg 18w, https:\/\/shop.fortuno.hr\/wp-content\/uploads\/2024\/07\/garden-600x401.jpg 600w\" sizes=\"(max-width: 800px) 100vw, 800px\" \/>\t\t\t\t\t\t\t\t\t\t\t\t\t<\/div>\n\t\t\t\t<\/div>\n\t\t\t\t<div class=\"elementor-element elementor-element-6afe40c4 elementor-widget elementor-widget-text-editor\" data-id=\"6afe40c4\" data-element_type=\"widget\" data-widget_type=\"text-editor.default\">\n\t\t\t\t<div class=\"elementor-widget-container\">\n\t\t\t\t\t\t\t<h3>Obrazovni znakovi<\/h3><p>Koristite InfoBoards u botani\u010dkim vrtovima, povijesnim mjestima ili u\u010dionicama na otvorenom za prikaz informacija o biljkama, povijesnim \u010dinjenicama ili obrazovnom sadr\u017eaju.<\/p>\t\t\t\t\t\t<\/div>\n\t\t\t\t<\/div>\n\t\t\t\t<\/div>\n\t\t<div class=\"elementor-element elementor-element-585c0b8f e-con-full e-flex e-con e-child\" data-id=\"585c0b8f\" data-element_type=\"container\">\n\t\t\t\t<div class=\"elementor-element elementor-element-6cdaf819 elementor-widget elementor-widget-image\" data-id=\"6cdaf819\" data-element_type=\"widget\" data-widget_type=\"image.default\">\n\t\t\t\t<div class=\"elementor-widget-container\">\n\t\t\t\t\t\t\t\t\t\t\t\t\t<img decoding=\"async\" width=\"640\" height=\"427\" src=\"https:\/\/shop.fortuno.hr\/wp-content\/uploads\/2024\/07\/biking.jpg\" class=\"attachment-large size-large wp-image-1124\" alt=\"\" srcset=\"https:\/\/shop.fortuno.hr\/wp-content\/uploads\/2024\/07\/biking.jpg 640w, https:\/\/shop.fortuno.hr\/wp-content\/uploads\/2024\/07\/biking-300x200.jpg 300w, https:\/\/shop.fortuno.hr\/wp-content\/uploads\/2024\/07\/biking-18x12.jpg 18w, https:\/\/shop.fortuno.hr\/wp-content\/uploads\/2024\/07\/biking-600x400.jpg 600w\" sizes=\"(max-width: 640px) 100vw, 640px\" \/>\t\t\t\t\t\t\t\t\t\t\t\t\t<\/div>\n\t\t\t\t<\/div>\n\t\t\t\t<div class=\"elementor-element elementor-element-34ffacc7 elementor-widget elementor-widget-text-editor\" data-id=\"34ffacc7\" data-element_type=\"widget\" data-widget_type=\"text-editor.default\">\n\t\t\t\t<div class=\"elementor-widget-container\">\n\t\t\t\t\t\t\t<h3>Rje\u0161enja za pronala\u017eenje puta<\/h3><p>Instalirajte InfoBoards du\u017e staza, putova ili javnih povr\u0161ina kako biste pru\u017eili upute, to\u010dke interesa ili sigurnosne informacije za planinare, bicikliste ili turiste.<\/p>\t\t\t\t\t\t<\/div>\n\t\t\t\t<\/div>\n\t\t\t\t<\/div>\n\t\t<div class=\"elementor-element elementor-element-6c7a2708 e-con-full e-flex e-con e-child\" data-id=\"6c7a2708\" data-element_type=\"container\">\n\t\t\t\t<div class=\"elementor-element elementor-element-7fc09c03 elementor-widget elementor-widget-image\" data-id=\"7fc09c03\" data-element_type=\"widget\" data-widget_type=\"image.default\">\n\t\t\t\t<div class=\"elementor-widget-container\">\n\t\t\t\t\t\t\t\t\t\t\t\t\t<img loading=\"lazy\" decoding=\"async\" width=\"800\" height=\"520\" src=\"https:\/\/shop.fortuno.hr\/wp-content\/uploads\/2024\/07\/poster.jpg\" class=\"attachment-large size-large wp-image-1134\" alt=\"\" srcset=\"https:\/\/shop.fortuno.hr\/wp-content\/uploads\/2024\/07\/poster.jpg 1000w, https:\/\/shop.fortuno.hr\/wp-content\/uploads\/2024\/07\/poster-300x195.jpg 300w, https:\/\/shop.fortuno.hr\/wp-content\/uploads\/2024\/07\/poster-768x499.jpg 768w, https:\/\/shop.fortuno.hr\/wp-content\/uploads\/2024\/07\/poster-18x12.jpg 18w, https:\/\/shop.fortuno.hr\/wp-content\/uploads\/2024\/07\/poster-600x390.jpg 600w\" sizes=\"(max-width: 800px) 100vw, 800px\" \/>\t\t\t\t\t\t\t\t\t\t\t\t\t<\/div>\n\t\t\t\t<\/div>\n\t\t\t\t<div class=\"elementor-element elementor-element-2d6cafaf elementor-widget elementor-widget-text-editor\" data-id=\"2d6cafaf\" data-element_type=\"widget\" data-widget_type=\"text-editor.default\">\n\t\t\t\t<div class=\"elementor-widget-container\">\n\t\t\t\t\t\t\t<h3>Promocija doga\u0111aja:<\/h3><p>Koristite InfoBoards za ogla\u0161avanje nadolaze\u0107ih doga\u0111aja, radionica ili sastanaka zajednice, osiguravaju\u0107i vidljivost za lokalno stanovni\u0161tvo i posjetitelje.<\/p>\t\t\t\t\t\t<\/div>\n\t\t\t\t<\/div>\n\t\t\t\t<\/div>\n\t\t<div class=\"elementor-element elementor-element-70e69c71 e-con-full e-flex e-con e-child\" data-id=\"70e69c71\" data-element_type=\"container\">\n\t\t\t\t<div class=\"elementor-element elementor-element-5e681146 elementor-widget elementor-widget-image\" data-id=\"5e681146\" data-element_type=\"widget\" data-widget_type=\"image.default\">\n\t\t\t\t<div class=\"elementor-widget-container\">\n\t\t\t\t\t\t\t\t\t\t\t\t\t<img loading=\"lazy\" decoding=\"async\" width=\"640\" height=\"427\" src=\"https:\/\/shop.fortuno.hr\/wp-content\/uploads\/2024\/07\/street.jpg\" class=\"attachment-large size-large wp-image-1136\" alt=\"\" srcset=\"https:\/\/shop.fortuno.hr\/wp-content\/uploads\/2024\/07\/street.jpg 640w, https:\/\/shop.fortuno.hr\/wp-content\/uploads\/2024\/07\/street-300x200.jpg 300w, https:\/\/shop.fortuno.hr\/wp-content\/uploads\/2024\/07\/street-18x12.jpg 18w, https:\/\/shop.fortuno.hr\/wp-content\/uploads\/2024\/07\/street-600x400.jpg 600w\" sizes=\"(max-width: 640px) 100vw, 640px\" \/>\t\t\t\t\t\t\t\t\t\t\t\t\t<\/div>\n\t\t\t\t<\/div>\n\t\t\t\t<div class=\"elementor-element elementor-element-45455492 elementor-widget elementor-widget-text-editor\" data-id=\"45455492\" data-element_type=\"widget\" data-widget_type=\"text-editor.default\">\n\t\t\t\t<div class=\"elementor-widget-container\">\n\t\t\t\t\t\t\t<h3>Kulturni prikazi<\/h3><p>Postavite infopanoe na kulturna mjesta kako biste pru\u017eili kontekst o zna\u010daju lokacije i zna\u010dajnih osoba povezanih s njom.<\/p>\t\t\t\t\t\t<\/div>\n\t\t\t\t<\/div>\n\t\t\t\t<\/div>\n\t\t<div class=\"elementor-element elementor-element-553f24cc e-con-full e-flex e-con e-child\" data-id=\"553f24cc\" data-element_type=\"container\">\n\t\t\t\t<div class=\"elementor-element elementor-element-416d7636 elementor-widget elementor-widget-image\" data-id=\"416d7636\" data-element_type=\"widget\" data-widget_type=\"image.default\">\n\t\t\t\t<div class=\"elementor-widget-container\">\n\t\t\t\t\t\t\t\t\t\t\t\t\t<img loading=\"lazy\" decoding=\"async\" width=\"800\" height=\"534\" src=\"https:\/\/shop.fortuno.hr\/wp-content\/uploads\/2024\/07\/hunt.jpg\" class=\"attachment-large size-large wp-image-1132\" alt=\"\" srcset=\"https:\/\/shop.fortuno.hr\/wp-content\/uploads\/2024\/07\/hunt.jpg 1000w, https:\/\/shop.fortuno.hr\/wp-content\/uploads\/2024\/07\/hunt-300x200.jpg 300w, https:\/\/shop.fortuno.hr\/wp-content\/uploads\/2024\/07\/hunt-768x512.jpg 768w, https:\/\/shop.fortuno.hr\/wp-content\/uploads\/2024\/07\/hunt-18x12.jpg 18w, https:\/\/shop.fortuno.hr\/wp-content\/uploads\/2024\/07\/hunt-600x400.jpg 600w\" sizes=\"(max-width: 800px) 100vw, 800px\" \/>\t\t\t\t\t\t\t\t\t\t\t\t\t<\/div>\n\t\t\t\t<\/div>\n\t\t\t\t<div class=\"elementor-element elementor-element-5d8f6465 elementor-widget elementor-widget-text-editor\" data-id=\"5d8f6465\" data-element_type=\"widget\" data-widget_type=\"text-editor.default\">\n\t\t\t\t<div class=\"elementor-widget-container\">\n\t\t\t\t\t\t\t<h3>Interaktivne stanice za u\u010denje<\/h3><p>Ugradite InfoBoards za kvizove ili lov na smetlare, poti\u010du\u0107i posjetitelje da skeniraju QR kodove za savjete ili zanimljive \u010dinjenice.<\/p>\t\t\t\t\t\t<\/div>\n\t\t\t\t<\/div>\n\t\t\t\t<\/div>\n\t\t\t\t\t<\/div>\n\t\t\t\t<\/div>\n\t\t\t\t<\/div>","protected":false},"excerpt":{"rendered":"","protected":false},"featured_media":749,"comment_status":"open","ping_status":"closed","template":"","meta":[],"product_cat":[66,55,63,64,56,52,53],"product_tag":[],"class_list":{"0":"post-409","1":"product","2":"type-product","3":"status-publish","4":"has-post-thumbnail","6":"product_cat-restaurants","7":"product_cat-tourist-board","8":"product_cat-apartments","9":"product_cat-cultural-attraction","10":"product_cat-tourist-attraction","11":"product_cat-indoor","12":"product_cat-outdoor","14":"first","15":"instock","16":"taxable","17":"shipping-taxable","18":"purchasable","19":"product-type-variable"},"_links":{"self":[{"href":"https:\/\/shop.fortuno.hr\/hr\/wp-json\/wp\/v2\/product\/409","targetHints":{"allow":["GET"]}}],"collection":[{"href":"https:\/\/shop.fortuno.hr\/hr\/wp-json\/wp\/v2\/product"}],"about":[{"href":"https:\/\/shop.fortuno.hr\/hr\/wp-json\/wp\/v2\/types\/product"}],"replies":[{"embeddable":true,"href":"https:\/\/shop.fortuno.hr\/hr\/wp-json\/wp\/v2\/comments?post=409"}],"version-history":[{"count":2,"href":"https:\/\/shop.fortuno.hr\/hr\/wp-json\/wp\/v2\/product\/409\/revisions"}],"predecessor-version":[{"id":671,"href":"https:\/\/shop.fortuno.hr\/hr\/wp-json\/wp\/v2\/product\/409\/revisions\/671"}],"wp:featuredmedia":[{"embeddable":true,"href":"https:\/\/shop.fortuno.hr\/hr\/wp-json\/wp\/v2\/media\/749"}],"wp:attachment":[{"href":"https:\/\/shop.fortuno.hr\/hr\/wp-json\/wp\/v2\/media?parent=409"}],"wp:term":[{"taxonomy":"product_cat","embeddable":true,"href":"https:\/\/shop.fortuno.hr\/hr\/wp-json\/wp\/v2\/product_cat?post=409"},{"taxonomy":"product_tag","embeddable":true,"href":"https:\/\/shop.fortuno.hr\/hr\/wp-json\/wp\/v2\/product_tag?post=409"}],"curies":[{"name":"wp","href":"https:\/\/api.w.org\/{rel}","templated":true}]}}