{"id":397,"date":"2024-06-26T17:51:47","date_gmt":"2024-06-26T15:51:47","guid":{"rendered":"https:\/\/shop.fortuno.hr\/?post_type=product&#038;p=397"},"modified":"2025-02-05T13:05:53","modified_gmt":"2025-02-05T11:05:53","slug":"infopoint-l-indoor","status":"publish","type":"product","link":"https:\/\/shop.fortuno.hr\/hr\/proizvod\/infopoint-l-indoor\/","title":{"rendered":"InfoPoint L"},"content":{"rendered":"<div data-elementor-type=\"section\" data-elementor-id=\"653\" class=\"elementor elementor-653\" data-elementor-post-type=\"elementor_library\">\n\t\t\t<div class=\"elementor-element elementor-element-30a9becd e-flex e-con-boxed e-con e-parent\" data-id=\"30a9becd\" data-element_type=\"container\">\n\t\t\t\t\t<div class=\"e-con-inner\">\n\t\t\t\t<div class=\"elementor-element elementor-element-2ea8ec7 elementor-widget elementor-widget-text-editor\" data-id=\"2ea8ec7\" data-element_type=\"widget\" data-widget_type=\"text-editor.default\">\n\t\t\t\t<div class=\"elementor-widget-container\">\n\t\t\t<style>\/*! elementor - v3.23.0 - 25-07-2024 *\/\n.elementor-widget-text-editor.elementor-drop-cap-view-stacked .elementor-drop-cap{background-color:#69727d;color:#fff}.elementor-widget-text-editor.elementor-drop-cap-view-framed .elementor-drop-cap{color:#69727d;border:3px solid;background-color:transparent}.elementor-widget-text-editor:not(.elementor-drop-cap-view-default) .elementor-drop-cap{margin-top:8px}.elementor-widget-text-editor:not(.elementor-drop-cap-view-default) .elementor-drop-cap-letter{width:1em;height:1em}.elementor-widget-text-editor .elementor-drop-cap{float:left;text-align:center;line-height:1;font-size:50px}.elementor-widget-text-editor .elementor-drop-cap-letter{display:inline-block}<\/style>\t\t\t\t<h3><strong>Otkrijte budu\u0107nost \u0161irenja informacija uz InfoCube<\/strong><\/h3><p>InfoCube je vrhunsko rje\u0161enje dizajnirano da revolucionira na\u010din na koji dijelite informacije. Savr\u0161eno kompaktna s 8\u00d78 cm, ova inovativna kocka nudi moderan zaokret tradicionalnim informacijskim zaslonima. Sa svih \u0161est strana koje se mogu prilagoditi kroz graviranje, pru\u017ea jedinstven i privla\u010dan na\u010din za preno\u0161enje poruka, idealan za razli\u010dite postavke.<\/p><h3><strong>Zna\u010dajke i prednosti:<\/strong><\/h3><ul><li><strong>Interaktivna tehnologija<\/strong>: Opremljena NFC i QR tehnologijom, InfoCube omogu\u0107uje jednostavan pristup informacijama pomo\u0107u bilo kojeg pametnog telefona.<\/li><li><strong>Prilagodljiv dizajn:<\/strong> Personalizirajte svih \u0161est strana kocke prilago\u0111enim gravurama kako biste prenijeli \u017eeljene poruke i brendiranje.<\/li><li><strong>Elegantna prezentacija:<\/strong> Prilo\u017eeno postolje, dimenzija 12x12x2 cm, podi\u017ee estetsku privla\u010dnost kocke, \u010dine\u0107i je upe\u010datljivim dodatkom svakom okru\u017eenju.<\/li><li><strong>Spremno za uporabu:<\/strong> Svaka InfoCube dolazi s po\u010detnim programiranjem i postavkama, \u010dime se osigurava da je spremna za upotrebu odmah nakon isporuke.<\/li><\/ul><h3><strong>Savr\u0161eno za bilo koje okru\u017eenje:<\/strong><\/h3><p>InfoCube je osmi\u0161ljen kako bi se pokazao u razli\u010ditim okru\u017eenjima, uklju\u010duju\u0107i:<\/p><ul><li><strong>Doga\u0111aji i izlo\u017ebe:<\/strong> Zamijenite glomazne tablete elegantnim, interaktivnim zaslonom koji osvaja posjetitelje.<\/li><li><strong>Smje\u0161taj:<\/strong> Pobolj\u0161ajte iskustva gostiju u hotelskim predvorjima, sobama, apartmanima i vilama pru\u017eanjem jednostavnog pristupa bitnim informacijama i uslugama.<\/li><\/ul><p>\u00a0<\/p>\t\t\t\t\t\t<\/div>\n\t\t\t\t<\/div>\n\t\t\t\t<div class=\"elementor-element elementor-element-383fb507 elementor-widget elementor-widget-image\" data-id=\"383fb507\" data-element_type=\"widget\" data-widget_type=\"image.default\">\n\t\t\t\t<div class=\"elementor-widget-container\">\n\t\t\t<style>\/*! elementor - v3.23.0 - 25-07-2024 *\/\n.elementor-widget-image{text-align:center}.elementor-widget-image a{display:inline-block}.elementor-widget-image a img[src$=\".svg\"]{width:48px}.elementor-widget-image img{vertical-align:middle;display:inline-block}<\/style>\t\t\t\t\t\t\t\t\t\t<img fetchpriority=\"high\" decoding=\"async\" width=\"2560\" height=\"1707\" src=\"https:\/\/shop.fortuno.hr\/wp-content\/uploads\/2024\/06\/IMG_0429-min-scaled.jpg\" class=\"attachment-full size-full wp-image-140\" alt=\"InfoCube\" srcset=\"https:\/\/shop.fortuno.hr\/wp-content\/uploads\/2024\/06\/IMG_0429-min-scaled.jpg 2560w, https:\/\/shop.fortuno.hr\/wp-content\/uploads\/2024\/06\/IMG_0429-min-300x200.jpg 300w, https:\/\/shop.fortuno.hr\/wp-content\/uploads\/2024\/06\/IMG_0429-min-1024x683.jpg 1024w, https:\/\/shop.fortuno.hr\/wp-content\/uploads\/2024\/06\/IMG_0429-min-768x512.jpg 768w, https:\/\/shop.fortuno.hr\/wp-content\/uploads\/2024\/06\/IMG_0429-min-1536x1024.jpg 1536w, https:\/\/shop.fortuno.hr\/wp-content\/uploads\/2024\/06\/IMG_0429-min-2048x1365.jpg 2048w, https:\/\/shop.fortuno.hr\/wp-content\/uploads\/2024\/06\/IMG_0429-min-600x400.jpg 600w\" sizes=\"(max-width: 2560px) 100vw, 2560px\" \/>\t\t\t\t\t\t\t\t\t\t\t\t\t<\/div>\n\t\t\t\t<\/div>\n\t\t\t\t<div class=\"elementor-element elementor-element-7541c5af elementor-widget elementor-widget-text-editor\" data-id=\"7541c5af\" data-element_type=\"widget\" data-widget_type=\"text-editor.default\">\n\t\t\t\t<div class=\"elementor-widget-container\">\n\t\t\t\t\t\t\t<h3><strong>Vrhunska kvaliteta i trajnost:<\/strong><\/h3><ul><li><strong>Materijali:<\/strong> Izra\u0111en od prirodnog hrastovog drva 100%, InfoCube nije samo vizualno privla\u010dan, ve\u0107 je i napravljen da traje.<\/li><li><strong>Unutarnja i vanjska uporaba:<\/strong> Iako je dizajniran za unutarnju upotrebu, njegova robusna konstrukcija osigurava visoku otpornost na vanjske uvjete.<\/li><\/ul><h3><strong>Instalacija i upotreba:<\/strong><\/h3><ul><li><strong>Postavljanje bez muke:<\/strong> Nije potrebna instalacija\u2014jednostavno postavite InfoCube na njeno postolje i spremna je za rad.<\/li><li><strong>Svestrane primjene:<\/strong> Koristite InfoCube za prikaz lokalnih atrakcija, informacija o doga\u0111ajima, jelovnika za poslugu u sobu i jo\u0161 mnogo toga, neprimjetno se integriraju\u0107i u svaki prostor.<\/li><\/ul><h3>Informacije o narud\u017ebi i dostavi:<\/h3><ul><li><strong>Jednostavno naru\u010divanje:<\/strong> Naru\u010dite putem na\u0161e web stranice ili izravno kontaktirajte na\u0161 prodajni tim.<\/li><li><strong>Dostava diljem svijeta:<\/strong> U\u017eivajte u raznim opcijama dostave koje zadovoljavaju va\u0161e potrebe, uz dodatno vrijeme obrade prilago\u0111enih narud\u017ebi.<\/li><\/ul><h3>Najbolje prakse:<\/h3><p>Iskoristite InfoCube kako biste pobolj\u0161ali iskustva gostiju i pojednostavili poslovanje u hotelima, apartmanima i vilama. U predvorjima do\u010dekujte goste informacijama o lokalnim atrakcijama i doga\u0111ajima. U sobama omogu\u0107ite jednostavan pristup jelovnicima posluge u sobu i lokalnim preporukama. InfoCube slu\u017ei kao personalizirani concierge, transformiraju\u0107i na\u010din na koji se informacije dijele i do\u017eivljavaju.<\/p><p><em style=\"color: inherit; font-size: 2rem; font-weight: 600; text-align: var(--text-align);\"><strong>Prigrlite budu\u0107nost uz InfoCube\u2014gdje se inovacija susre\u0107e s elegancijom.<\/strong><\/em><\/p>\t\t\t\t\t\t<\/div>\n\t\t\t\t<\/div>\n\t\t\t\t\t<\/div>\n\t\t\t\t<\/div>\n\t\t\t\t<\/div>","protected":false},"excerpt":{"rendered":"","protected":false},"featured_media":521,"comment_status":"open","ping_status":"closed","template":"","meta":[],"product_cat":[55,62,57,64,56,52],"product_tag":[],"class_list":{"0":"post-397","1":"product","2":"type-product","3":"status-publish","4":"has-post-thumbnail","6":"product_cat-tourist-board","7":"product_cat-hotels","8":"product_cat-exhibitions-organizers","9":"product_cat-cultural-attraction","10":"product_cat-tourist-attraction","11":"product_cat-indoor","13":"first","14":"instock","15":"taxable","16":"shipping-taxable","17":"purchasable","18":"product-type-simple"},"_links":{"self":[{"href":"https:\/\/shop.fortuno.hr\/hr\/wp-json\/wp\/v2\/product\/397","targetHints":{"allow":["GET"]}}],"collection":[{"href":"https:\/\/shop.fortuno.hr\/hr\/wp-json\/wp\/v2\/product"}],"about":[{"href":"https:\/\/shop.fortuno.hr\/hr\/wp-json\/wp\/v2\/types\/product"}],"replies":[{"embeddable":true,"href":"https:\/\/shop.fortuno.hr\/hr\/wp-json\/wp\/v2\/comments?post=397"}],"version-history":[{"count":3,"href":"https:\/\/shop.fortuno.hr\/hr\/wp-json\/wp\/v2\/product\/397\/revisions"}],"predecessor-version":[{"id":667,"href":"https:\/\/shop.fortuno.hr\/hr\/wp-json\/wp\/v2\/product\/397\/revisions\/667"}],"wp:featuredmedia":[{"embeddable":true,"href":"https:\/\/shop.fortuno.hr\/hr\/wp-json\/wp\/v2\/media\/521"}],"wp:attachment":[{"href":"https:\/\/shop.fortuno.hr\/hr\/wp-json\/wp\/v2\/media?parent=397"}],"wp:term":[{"taxonomy":"product_cat","embeddable":true,"href":"https:\/\/shop.fortuno.hr\/hr\/wp-json\/wp\/v2\/product_cat?post=397"},{"taxonomy":"product_tag","embeddable":true,"href":"https:\/\/shop.fortuno.hr\/hr\/wp-json\/wp\/v2\/product_tag?post=397"}],"curies":[{"name":"wp","href":"https:\/\/api.w.org\/{rel}","templated":true}]}}