{"id":425,"date":"2024-06-29T06:11:08","date_gmt":"2024-06-29T04:11:08","guid":{"rendered":"https:\/\/shop.fortuno.hr\/?post_type=product&#038;p=425"},"modified":"2024-07-17T18:32:17","modified_gmt":"2024-07-17T16:32:17","slug":"infocube-2","status":"publish","type":"product","link":"https:\/\/shop.fortuno.hr\/es\/producto\/infocube-2\/","title":{"rendered":"Cubo de informaci\u00f3n"},"content":{"rendered":"<div data-elementor-type=\"section\" data-elementor-id=\"665\" class=\"elementor elementor-665\" data-elementor-post-type=\"elementor_library\">\n\t\t\t<div class=\"elementor-element elementor-element-b90c3d e-flex e-con-boxed e-con e-parent\" data-id=\"b90c3d\" data-element_type=\"container\">\n\t\t\t\t\t<div class=\"e-con-inner\">\n\t\t\t\t<div class=\"elementor-element elementor-element-7815cdcb elementor-widget elementor-widget-text-editor\" data-id=\"7815cdcb\" data-element_type=\"widget\" data-widget_type=\"text-editor.default\">\n\t\t\t\t<div class=\"elementor-widget-container\">\n\t\t\t<style>\/*! elementor - v3.23.0 - 25-07-2024 *\/\n.elementor-widget-text-editor.elementor-drop-cap-view-stacked .elementor-drop-cap{background-color:#69727d;color:#fff}.elementor-widget-text-editor.elementor-drop-cap-view-framed .elementor-drop-cap{color:#69727d;border:3px solid;background-color:transparent}.elementor-widget-text-editor:not(.elementor-drop-cap-view-default) .elementor-drop-cap{margin-top:8px}.elementor-widget-text-editor:not(.elementor-drop-cap-view-default) .elementor-drop-cap-letter{width:1em;height:1em}.elementor-widget-text-editor .elementor-drop-cap{float:left;text-align:center;line-height:1;font-size:50px}.elementor-widget-text-editor .elementor-drop-cap-letter{display:inline-block}<\/style>\t\t\t\t<h3><strong>InfoCube: informaci\u00f3n y acci\u00f3n compactas e impactantes<\/strong><\/h3><p>El InfoCube ofrece una forma compacta pero impactante de transmitir mensajes, con los seis lados disponibles para grabar y mostrar informaci\u00f3n. Con unas medidas de 6\u00d76 cm, cuenta con tecnolog\u00eda NFC y QR en dos lados para facilitar el acceso a la informaci\u00f3n. Su pedestal incluido realza su atractivo est\u00e9tico, convirti\u00e9ndolo en una pieza destacada en cualquier entorno.<\/p><p>Perfecto para eventos, exposiciones y alojamiento, InfoCube reemplaza las tabletas tradicionales con su dise\u00f1o interactivo y visualmente impactante. Abrace el futuro de la difusi\u00f3n de informaci\u00f3n y diga adi\u00f3s a las engorrosas tabletas: \u00a1todo el mundo tiene un tel\u00e9fono y sabe c\u00f3mo usarlo!<\/p>\t\t\t\t\t\t<\/div>\n\t\t\t\t<\/div>\n\t\t\t\t<div class=\"elementor-element elementor-element-6dc8ce17 elementor-widget elementor-widget-text-editor\" data-id=\"6dc8ce17\" data-element_type=\"widget\" data-widget_type=\"text-editor.default\">\n\t\t\t\t<div class=\"elementor-widget-container\">\n\t\t\t\t\t\t\t<h3><strong>Incluido en el precio inicial:<\/strong><\/h3><ul><li>Tecnolog\u00eda NFC y QR en dos lados para f\u00e1cil acceso a la informaci\u00f3n<\/li><li>Grabado personalizado en los seis lados del cubo.<\/li><li>Pedestal incluido para mayor atractivo est\u00e9tico.<\/li><li>Programaci\u00f3n inicial y configuraci\u00f3n para uso inmediato<\/li><\/ul><h3><strong>Opciones adicionales:<\/strong><\/h3><ul><li>Materiales y tama\u00f1os personalizados<\/li><\/ul><h3>Dimensiones:<\/h3><ul><li><strong>Cubo<\/strong>: 6x6x6cm<\/li><li><strong>Pedestal:<\/strong> 10x10x2cm<\/li><\/ul><h3>Instalaci\u00f3n:<\/h3><ul><li><p>No se requiere instalaci\u00f3n para el cubo; simplemente col\u00f3quelo en el pedestal.<\/p><\/li><\/ul><p><strong>Pedidos y Env\u00edos:<\/strong><\/p><ul><li>Realizar pedidos f\u00e1cilmente: realice pedidos en l\u00ednea a trav\u00e9s de nuestro sitio web o comunic\u00e1ndose directamente con nuestro equipo de ventas.<\/li><li>Env\u00edo mundial: Disponible con varias opciones.<\/li><li>Pedidos personalizados: pueden requerir tiempo de procesamiento adicional.<\/li><\/ul>\t\t\t\t\t\t<\/div>\n\t\t\t\t<\/div>\n\t\t\t\t\t<\/div>\n\t\t\t\t<\/div>\n\t\t<div class=\"elementor-element elementor-element-fd282e3 e-flex e-con-boxed e-con e-parent\" data-id=\"fd282e3\" data-element_type=\"container\">\n\t\t\t\t\t<div class=\"e-con-inner\">\n\t\t\t\t<div class=\"elementor-element elementor-element-a5625b1 elementor-widget elementor-widget-heading\" data-id=\"a5625b1\" data-element_type=\"widget\" data-widget_type=\"heading.default\">\n\t\t\t\t<div class=\"elementor-widget-container\">\n\t\t\t<h2 class=\"elementor-heading-title elementor-size-default\">Mejores pr\u00e1cticas<\/h2>\t\t<\/div>\n\t\t\t\t<\/div>\n\t\t\t\t\t<\/div>\n\t\t\t\t<\/div>\n\t\t<div class=\"elementor-element elementor-element-5e421bfc e-grid e-con-boxed e-con e-parent\" data-id=\"5e421bfc\" data-element_type=\"container\">\n\t\t\t\t\t<div class=\"e-con-inner\">\n\t\t<div class=\"elementor-element elementor-element-7c5c4f76 e-con-full e-flex e-con e-child\" data-id=\"7c5c4f76\" data-element_type=\"container\">\n\t\t\t\t<div class=\"elementor-element elementor-element-676cbd37 elementor-widget elementor-widget-image\" data-id=\"676cbd37\" data-element_type=\"widget\" data-widget_type=\"image.default\">\n\t\t\t\t<div class=\"elementor-widget-container\">\n\t\t\t<style>\/*! elementor - v3.23.0 - 25-07-2024 *\/\n.elementor-widget-image{text-align:center}.elementor-widget-image a{display:inline-block}.elementor-widget-image a img[src$=\".svg\"]{width:48px}.elementor-widget-image img{vertical-align:middle;display:inline-block}<\/style>\t\t\t\t\t\t\t\t\t\t<img fetchpriority=\"high\" decoding=\"async\" width=\"800\" height=\"534\" src=\"https:\/\/shop.fortuno.hr\/wp-content\/uploads\/2024\/07\/lobby.jpg\" class=\"attachment-large size-large wp-image-1094\" alt=\"\" srcset=\"https:\/\/shop.fortuno.hr\/wp-content\/uploads\/2024\/07\/lobby.jpg 1000w, https:\/\/shop.fortuno.hr\/wp-content\/uploads\/2024\/07\/lobby-300x200.jpg 300w, https:\/\/shop.fortuno.hr\/wp-content\/uploads\/2024\/07\/lobby-768x512.jpg 768w, https:\/\/shop.fortuno.hr\/wp-content\/uploads\/2024\/07\/lobby-18x12.jpg 18w, https:\/\/shop.fortuno.hr\/wp-content\/uploads\/2024\/07\/lobby-600x400.jpg 600w\" sizes=\"(max-width: 800px) 100vw, 800px\" \/>\t\t\t\t\t\t\t\t\t\t\t\t\t<\/div>\n\t\t\t\t<\/div>\n\t\t\t\t<div class=\"elementor-element elementor-element-27d0d99e elementor-widget elementor-widget-text-editor\" data-id=\"27d0d99e\" data-element_type=\"widget\" data-widget_type=\"text-editor.default\">\n\t\t\t\t<div class=\"elementor-widget-container\">\n\t\t\t\t\t\t\t<h3>Vest\u00edbulos de hoteles<\/h3><p>D\u00e9 la bienvenida a los hu\u00e9spedes con informaci\u00f3n sobre atracciones y eventos locales.<\/p>\t\t\t\t\t\t<\/div>\n\t\t\t\t<\/div>\n\t\t\t\t<\/div>\n\t\t<div class=\"elementor-element elementor-element-486db6b7 e-con-full e-flex e-con e-child\" data-id=\"486db6b7\" data-element_type=\"container\">\n\t\t\t\t<div class=\"elementor-element elementor-element-265c5894 elementor-widget elementor-widget-image\" data-id=\"265c5894\" data-element_type=\"widget\" data-widget_type=\"image.default\">\n\t\t\t\t<div class=\"elementor-widget-container\">\n\t\t\t\t\t\t\t\t\t\t\t\t\t<img decoding=\"async\" width=\"800\" height=\"533\" src=\"https:\/\/shop.fortuno.hr\/wp-content\/uploads\/2024\/07\/hotel-room-1024x682.jpg\" class=\"attachment-large size-large wp-image-1105\" alt=\"\" srcset=\"https:\/\/shop.fortuno.hr\/wp-content\/uploads\/2024\/07\/hotel-room-1024x682.jpg 1024w, https:\/\/shop.fortuno.hr\/wp-content\/uploads\/2024\/07\/hotel-room-300x200.jpg 300w, https:\/\/shop.fortuno.hr\/wp-content\/uploads\/2024\/07\/hotel-room-768x512.jpg 768w, https:\/\/shop.fortuno.hr\/wp-content\/uploads\/2024\/07\/hotel-room-18x12.jpg 18w, https:\/\/shop.fortuno.hr\/wp-content\/uploads\/2024\/07\/hotel-room-600x400.jpg 600w, https:\/\/shop.fortuno.hr\/wp-content\/uploads\/2024\/07\/hotel-room.jpg 1280w\" sizes=\"(max-width: 800px) 100vw, 800px\" \/>\t\t\t\t\t\t\t\t\t\t\t\t\t<\/div>\n\t\t\t\t<\/div>\n\t\t\t\t<div class=\"elementor-element elementor-element-d4cc0be elementor-widget elementor-widget-text-editor\" data-id=\"d4cc0be\" data-element_type=\"widget\" data-widget_type=\"text-editor.default\">\n\t\t\t\t<div class=\"elementor-widget-container\">\n\t\t\t\t\t\t\t<h3>Habitaciones de hotel<\/h3><p>Proporcione f\u00e1cil acceso a los men\u00fas del servicio de habitaciones y recomendaciones locales.<\/p>\t\t\t\t\t\t<\/div>\n\t\t\t\t<\/div>\n\t\t\t\t<\/div>\n\t\t<div class=\"elementor-element elementor-element-277d61cd e-con-full e-flex e-con e-child\" data-id=\"277d61cd\" data-element_type=\"container\">\n\t\t\t\t<div class=\"elementor-element elementor-element-2b21dba4 elementor-widget elementor-widget-image\" data-id=\"2b21dba4\" data-element_type=\"widget\" data-widget_type=\"image.default\">\n\t\t\t\t<div class=\"elementor-widget-container\">\n\t\t\t\t\t\t\t\t\t\t\t\t\t<img decoding=\"async\" width=\"800\" height=\"534\" src=\"https:\/\/shop.fortuno.hr\/wp-content\/uploads\/2024\/07\/villa.jpg\" class=\"attachment-large size-large wp-image-1121\" alt=\"\" srcset=\"https:\/\/shop.fortuno.hr\/wp-content\/uploads\/2024\/07\/villa.jpg 1000w, https:\/\/shop.fortuno.hr\/wp-content\/uploads\/2024\/07\/villa-300x200.jpg 300w, https:\/\/shop.fortuno.hr\/wp-content\/uploads\/2024\/07\/villa-768x512.jpg 768w, https:\/\/shop.fortuno.hr\/wp-content\/uploads\/2024\/07\/villa-18x12.jpg 18w, https:\/\/shop.fortuno.hr\/wp-content\/uploads\/2024\/07\/villa-600x400.jpg 600w\" sizes=\"(max-width: 800px) 100vw, 800px\" \/>\t\t\t\t\t\t\t\t\t\t\t\t\t<\/div>\n\t\t\t\t<\/div>\n\t\t\t\t<div class=\"elementor-element elementor-element-3ea9392e elementor-widget elementor-widget-text-editor\" data-id=\"3ea9392e\" data-element_type=\"widget\" data-widget_type=\"text-editor.default\">\n\t\t\t\t<div class=\"elementor-widget-container\">\n\t\t\t\t\t\t\t<h3>Apartamentos y Villas<\/h3><p>Utilice InfoCube para servicios de ventas adicionales y como gu\u00edas de conserjer\u00eda personalizadas.<\/p>\t\t\t\t\t\t<\/div>\n\t\t\t\t<\/div>\n\t\t\t\t<\/div>\n\t\t<div class=\"elementor-element elementor-element-b3a9f0f e-con-full e-flex e-con e-child\" data-id=\"b3a9f0f\" data-element_type=\"container\">\n\t\t\t\t<div class=\"elementor-element elementor-element-5ce83ecc elementor-widget elementor-widget-image\" data-id=\"5ce83ecc\" data-element_type=\"widget\" data-widget_type=\"image.default\">\n\t\t\t\t<div class=\"elementor-widget-container\">\n\t\t\t\t\t\t\t\t\t\t\t\t\t<img loading=\"lazy\" decoding=\"async\" width=\"800\" height=\"534\" src=\"https:\/\/shop.fortuno.hr\/wp-content\/uploads\/2024\/07\/digital-katalog.jpg\" class=\"attachment-large size-large wp-image-1117\" alt=\"\" srcset=\"https:\/\/shop.fortuno.hr\/wp-content\/uploads\/2024\/07\/digital-katalog.jpg 1000w, https:\/\/shop.fortuno.hr\/wp-content\/uploads\/2024\/07\/digital-katalog-300x200.jpg 300w, https:\/\/shop.fortuno.hr\/wp-content\/uploads\/2024\/07\/digital-katalog-768x513.jpg 768w, https:\/\/shop.fortuno.hr\/wp-content\/uploads\/2024\/07\/digital-katalog-18x12.jpg 18w, https:\/\/shop.fortuno.hr\/wp-content\/uploads\/2024\/07\/digital-katalog-600x401.jpg 600w\" sizes=\"(max-width: 800px) 100vw, 800px\" \/>\t\t\t\t\t\t\t\t\t\t\t\t\t<\/div>\n\t\t\t\t<\/div>\n\t\t\t\t<div class=\"elementor-element elementor-element-5d8f958a elementor-widget elementor-widget-text-editor\" data-id=\"5d8f958a\" data-element_type=\"widget\" data-widget_type=\"text-editor.default\">\n\t\t\t\t<div class=\"elementor-widget-container\">\n\t\t\t\t\t\t\t<h3>Espacios para eventos<\/h3><p>Reemplace las engorrosas tabletas con una pantalla elegante e interactiva que cautive a los asistentes.<\/p>\t\t\t\t\t\t<\/div>\n\t\t\t\t<\/div>\n\t\t\t\t<\/div>\n\t\t<div class=\"elementor-element elementor-element-7b07e413 e-con-full e-flex e-con e-child\" data-id=\"7b07e413\" data-element_type=\"container\">\n\t\t\t\t<div class=\"elementor-element elementor-element-e75b7dc elementor-widget elementor-widget-image\" data-id=\"e75b7dc\" data-element_type=\"widget\" data-widget_type=\"image.default\">\n\t\t\t\t<div class=\"elementor-widget-container\">\n\t\t\t\t\t\t\t\t\t\t\t\t\t<img loading=\"lazy\" decoding=\"async\" width=\"800\" height=\"533\" src=\"https:\/\/shop.fortuno.hr\/wp-content\/uploads\/2024\/07\/museum-1024x682.jpg\" class=\"attachment-large size-large wp-image-1095\" alt=\"\" srcset=\"https:\/\/shop.fortuno.hr\/wp-content\/uploads\/2024\/07\/museum-1024x682.jpg 1024w, https:\/\/shop.fortuno.hr\/wp-content\/uploads\/2024\/07\/museum-300x200.jpg 300w, https:\/\/shop.fortuno.hr\/wp-content\/uploads\/2024\/07\/museum-768x512.jpg 768w, https:\/\/shop.fortuno.hr\/wp-content\/uploads\/2024\/07\/museum-18x12.jpg 18w, https:\/\/shop.fortuno.hr\/wp-content\/uploads\/2024\/07\/museum-600x400.jpg 600w, https:\/\/shop.fortuno.hr\/wp-content\/uploads\/2024\/07\/museum.jpg 1280w\" sizes=\"(max-width: 800px) 100vw, 800px\" \/>\t\t\t\t\t\t\t\t\t\t\t\t\t<\/div>\n\t\t\t\t<\/div>\n\t\t\t\t<div class=\"elementor-element elementor-element-8b34654 elementor-widget elementor-widget-text-editor\" data-id=\"8b34654\" data-element_type=\"widget\" data-widget_type=\"text-editor.default\">\n\t\t\t\t<div class=\"elementor-widget-container\">\n\t\t\t\t\t\t\t<h3>Exposiciones<\/h3><p>Ofrezca un toque moderno a las pantallas de informaci\u00f3n tradicionales, atrayendo a los visitantes con contenido interactivo.<\/p>\t\t\t\t\t\t<\/div>\n\t\t\t\t<\/div>\n\t\t\t\t<\/div>\n\t\t<div class=\"elementor-element elementor-element-2d5070ba e-con-full e-flex e-con e-child\" data-id=\"2d5070ba\" data-element_type=\"container\">\n\t\t\t\t<div class=\"elementor-element elementor-element-62befd7e elementor-widget elementor-widget-image\" data-id=\"62befd7e\" data-element_type=\"widget\" data-widget_type=\"image.default\">\n\t\t\t\t<div class=\"elementor-widget-container\">\n\t\t\t\t\t\t\t\t\t\t\t\t\t<img loading=\"lazy\" decoding=\"async\" width=\"800\" height=\"533\" src=\"https:\/\/shop.fortuno.hr\/wp-content\/uploads\/2024\/07\/meeting-room-1024x682.jpg\" class=\"attachment-large size-large wp-image-1108\" alt=\"\" srcset=\"https:\/\/shop.fortuno.hr\/wp-content\/uploads\/2024\/07\/meeting-room-1024x682.jpg 1024w, https:\/\/shop.fortuno.hr\/wp-content\/uploads\/2024\/07\/meeting-room-300x200.jpg 300w, https:\/\/shop.fortuno.hr\/wp-content\/uploads\/2024\/07\/meeting-room-768x512.jpg 768w, https:\/\/shop.fortuno.hr\/wp-content\/uploads\/2024\/07\/meeting-room-18x12.jpg 18w, https:\/\/shop.fortuno.hr\/wp-content\/uploads\/2024\/07\/meeting-room-600x400.jpg 600w, https:\/\/shop.fortuno.hr\/wp-content\/uploads\/2024\/07\/meeting-room.jpg 1280w\" sizes=\"(max-width: 800px) 100vw, 800px\" \/>\t\t\t\t\t\t\t\t\t\t\t\t\t<\/div>\n\t\t\t\t<\/div>\n\t\t\t\t<div class=\"elementor-element elementor-element-28f9a3e5 elementor-widget elementor-widget-text-editor\" data-id=\"28f9a3e5\" data-element_type=\"widget\" data-widget_type=\"text-editor.default\">\n\t\t\t\t<div class=\"elementor-widget-container\">\n\t\t\t\t\t\t\t<h3>Oficinas corporativas<\/h3><p>Mejore las experiencias de los visitantes brind\u00e1ndoles informaci\u00f3n de la empresa, horarios de eventos o direcciones.<\/p>\t\t\t\t\t\t<\/div>\n\t\t\t\t<\/div>\n\t\t\t\t<\/div>\n\t\t\t\t\t<\/div>\n\t\t\t\t<\/div>\n\t\t\t\t<\/div>","protected":false},"excerpt":{"rendered":"","protected":false},"featured_media":740,"comment_status":"open","ping_status":"closed","template":"","meta":[],"product_cat":[55,62,63,57,52],"product_tag":[],"class_list":{"0":"post-425","1":"product","2":"type-product","3":"status-publish","4":"has-post-thumbnail","6":"product_cat-tourist-board","7":"product_cat-hotels","8":"product_cat-apartments","9":"product_cat-exhibitions-organizers","10":"product_cat-indoor","12":"first","13":"instock","14":"taxable","15":"shipping-taxable","16":"purchasable","17":"product-type-simple"},"_links":{"self":[{"href":"https:\/\/shop.fortuno.hr\/es\/wp-json\/wp\/v2\/product\/425","targetHints":{"allow":["GET"]}}],"collection":[{"href":"https:\/\/shop.fortuno.hr\/es\/wp-json\/wp\/v2\/product"}],"about":[{"href":"https:\/\/shop.fortuno.hr\/es\/wp-json\/wp\/v2\/types\/product"}],"replies":[{"embeddable":true,"href":"https:\/\/shop.fortuno.hr\/es\/wp-json\/wp\/v2\/comments?post=425"}],"version-history":[{"count":2,"href":"https:\/\/shop.fortuno.hr\/es\/wp-json\/wp\/v2\/product\/425\/revisions"}],"predecessor-version":[{"id":676,"href":"https:\/\/shop.fortuno.hr\/es\/wp-json\/wp\/v2\/product\/425\/revisions\/676"}],"wp:featuredmedia":[{"embeddable":true,"href":"https:\/\/shop.fortuno.hr\/es\/wp-json\/wp\/v2\/media\/740"}],"wp:attachment":[{"href":"https:\/\/shop.fortuno.hr\/es\/wp-json\/wp\/v2\/media?parent=425"}],"wp:term":[{"taxonomy":"product_cat","embeddable":true,"href":"https:\/\/shop.fortuno.hr\/es\/wp-json\/wp\/v2\/product_cat?post=425"},{"taxonomy":"product_tag","embeddable":true,"href":"https:\/\/shop.fortuno.hr\/es\/wp-json\/wp\/v2\/product_tag?post=425"}],"curies":[{"name":"wp","href":"https:\/\/api.w.org\/{rel}","templated":true}]}}