{"id":409,"date":"2024-06-28T17:54:59","date_gmt":"2024-06-28T15:54:59","guid":{"rendered":"https:\/\/shop.fortuno.hr\/?post_type=product&#038;p=409"},"modified":"2024-07-17T18:34:42","modified_gmt":"2024-07-17T16:34:42","slug":"infoboard","status":"publish","type":"product","link":"https:\/\/shop.fortuno.hr\/de\/produkt\/infoboard\/","title":{"rendered":"InfoBoard"},"content":{"rendered":"<div data-elementor-type=\"section\" data-elementor-id=\"660\" class=\"elementor elementor-660\" data-elementor-post-type=\"elementor_library\">\n\t\t\t<div class=\"elementor-element elementor-element-37793e28 e-flex e-con-boxed e-con e-parent\" data-id=\"37793e28\" data-element_type=\"container\">\n\t\t\t\t\t<div class=\"e-con-inner\">\n\t\t\t\t<div class=\"elementor-element elementor-element-7d64e88b elementor-widget elementor-widget-text-editor\" data-id=\"7d64e88b\" data-element_type=\"widget\" data-widget_type=\"text-editor.default\">\n\t\t\t\t<div class=\"elementor-widget-container\">\n\t\t\t<style>\/*! elementor - v3.23.0 - 25-07-2024 *\/\n.elementor-widget-text-editor.elementor-drop-cap-view-stacked .elementor-drop-cap{background-color:#69727d;color:#fff}.elementor-widget-text-editor.elementor-drop-cap-view-framed .elementor-drop-cap{color:#69727d;border:3px solid;background-color:transparent}.elementor-widget-text-editor:not(.elementor-drop-cap-view-default) .elementor-drop-cap{margin-top:8px}.elementor-widget-text-editor:not(.elementor-drop-cap-view-default) .elementor-drop-cap-letter{width:1em;height:1em}.elementor-widget-text-editor .elementor-drop-cap{float:left;text-align:center;line-height:1;font-size:50px}.elementor-widget-text-editor .elementor-drop-cap-letter{display:inline-block}<\/style>\t\t\t\t<h3><strong>InfoBoard: Stylish and Functional Information Point<\/strong><\/h3><p>The InfoBoard is a cost-efficient solution that doesn&#8217;t compromise on style or functionality. Sized at approximately A4, it features a wooden frame with a metal covering for engraved information. Ideal for outdoor settings like parks and natural reserves, the InfoBoard blends seamlessly into natural environments while providing essential information through NFC-QR technology.<\/p><h3><strong>Included in the Starting Price:<\/strong><\/h3><ul><li><strong>Wooden Frame<\/strong> with metal covering for engraved information<\/li><li><strong>NFC-QR Technology<\/strong> for easy access to information<\/li><li><strong>Mounting Hardware f<\/strong>or pole or wall attachment<\/li><li><strong>Initial Setup and Programmin<\/strong>g for immediate use<\/li><\/ul><h3>\u00a0<\/h3><h3><strong>Additional Options:<\/strong><\/h3><ul><li><strong>Customizable Pole<\/strong> (height per request)<\/li><li><strong>Mounting Services<\/strong><\/li><li><strong>LED Lighting<\/strong> for enhanced visibility in low-light conditions (requires power outlet)<\/li><li><strong>Custom Sizes and Materials<\/strong> to fit specific requirements<\/li><li><strong>Extra Protective Coating<\/strong> for increased durability in outdoor environments<\/li><\/ul><p>\u00a0<\/p>\t\t\t\t\t\t<\/div>\n\t\t\t\t<\/div>\n\t\t\t\t<div class=\"elementor-element elementor-element-7ffbbd68 elementor-widget elementor-widget-text-editor\" data-id=\"7ffbbd68\" data-element_type=\"widget\" data-widget_type=\"text-editor.default\">\n\t\t\t\t<div class=\"elementor-widget-container\">\n\t\t\t\t\t\t\t<h3><strong>Premium-Qualit\u00e4t und Haltbarkeit:<\/strong><\/h3><ul><li><strong>Materialien:<\/strong> Crafted from 100% natural oak wood, InfoBoard is not only visually appealing but also built to last.<\/li><li><strong>Verwendung im Innen- und Au\u00dfenbereich:<\/strong> Obwohl f\u00fcr den Einsatz im Innenbereich konzipiert, gew\u00e4hrleistet die robuste Konstruktion eine hohe Widerstandsf\u00e4higkeit gegen\u00fcber den Bedingungen im Freien.<\/li><li><strong>Size<\/strong>: 23 cm x 32 cm x 2 cm<\/li><\/ul><h3>\u00a0<\/h3><h3><strong>Installation und Verwendung:<\/strong><\/h3><ul><li><p>Mount on a pole for ground use or attach to a wall using the included hardware.<\/p><\/li><\/ul><h3>\u00a0<\/h3><h3><strong>Bestell- und Versandinformationen:<\/strong><\/h3><ul><li><strong>Einfache Bestellung:<\/strong> Geben Sie Bestellungen \u00fcber unsere Website auf oder wenden Sie sich direkt an unser Verkaufsteam.<\/li><li><strong>Weltweiter Versand:<\/strong> Profitieren Sie von verschiedenen Versandoptionen, die Ihren Anforderungen entsprechen, mit zus\u00e4tzlicher Bearbeitungszeit f\u00fcr Sonderanfertigungen.<\/li><\/ul>\t\t\t\t\t\t<\/div>\n\t\t\t\t<\/div>\n\t\t\t\t\t<\/div>\n\t\t\t\t<\/div>\n\t\t<div class=\"elementor-element elementor-element-f727af4 e-flex e-con-boxed e-con e-parent\" data-id=\"f727af4\" data-element_type=\"container\">\n\t\t\t\t\t<div class=\"e-con-inner\">\n\t\t\t\t<div class=\"elementor-element elementor-element-ff186c1 elementor-widget elementor-widget-heading\" data-id=\"ff186c1\" data-element_type=\"widget\" data-widget_type=\"heading.default\">\n\t\t\t\t<div class=\"elementor-widget-container\">\n\t\t\t<h2 class=\"elementor-heading-title elementor-size-default\">Best Practices<\/h2>\t\t<\/div>\n\t\t\t\t<\/div>\n\t\t\t\t\t<\/div>\n\t\t\t\t<\/div>\n\t\t<div class=\"elementor-element elementor-element-291a1bf5 e-grid e-con-boxed e-con e-parent\" data-id=\"291a1bf5\" data-element_type=\"container\">\n\t\t\t\t\t<div class=\"e-con-inner\">\n\t\t<div class=\"elementor-element elementor-element-7ee89ff3 e-con-full e-flex e-con e-child\" data-id=\"7ee89ff3\" data-element_type=\"container\">\n\t\t\t\t<div class=\"elementor-element elementor-element-625946b2 elementor-widget elementor-widget-image\" data-id=\"625946b2\" data-element_type=\"widget\" data-widget_type=\"image.default\">\n\t\t\t\t<div class=\"elementor-widget-container\">\n\t\t\t<style>\/*! elementor - v3.23.0 - 25-07-2024 *\/\n.elementor-widget-image{text-align:center}.elementor-widget-image a{display:inline-block}.elementor-widget-image a img[src$=\".svg\"]{width:48px}.elementor-widget-image img{vertical-align:middle;display:inline-block}<\/style>\t\t\t\t\t\t\t\t\t\t<img fetchpriority=\"high\" decoding=\"async\" width=\"800\" height=\"534\" src=\"https:\/\/shop.fortuno.hr\/wp-content\/uploads\/2024\/07\/map.jpg\" class=\"attachment-large size-large wp-image-1127\" alt=\"\" srcset=\"https:\/\/shop.fortuno.hr\/wp-content\/uploads\/2024\/07\/map.jpg 1000w, https:\/\/shop.fortuno.hr\/wp-content\/uploads\/2024\/07\/map-300x200.jpg 300w, https:\/\/shop.fortuno.hr\/wp-content\/uploads\/2024\/07\/map-768x512.jpg 768w, https:\/\/shop.fortuno.hr\/wp-content\/uploads\/2024\/07\/map-18x12.jpg 18w, https:\/\/shop.fortuno.hr\/wp-content\/uploads\/2024\/07\/map-600x400.jpg 600w\" sizes=\"(max-width: 800px) 100vw, 800px\" \/>\t\t\t\t\t\t\t\t\t\t\t\t\t<\/div>\n\t\t\t\t<\/div>\n\t\t\t\t<div class=\"elementor-element elementor-element-26dcf435 elementor-widget elementor-widget-text-editor\" data-id=\"26dcf435\" data-element_type=\"widget\" data-widget_type=\"text-editor.default\">\n\t\t\t\t<div class=\"elementor-widget-container\">\n\t\t\t\t\t\t\t<h3>Outdoor Information Centers<\/h3><p>Place InfoBoards in parks, natural reserves, or tourist attractions to provide maps, trail information, wildlife guides, or park rules.<\/p>\t\t\t\t\t\t<\/div>\n\t\t\t\t<\/div>\n\t\t\t\t<\/div>\n\t\t<div class=\"elementor-element elementor-element-1887de8 e-con-full e-flex e-con e-child\" data-id=\"1887de8\" data-element_type=\"container\">\n\t\t\t\t<div class=\"elementor-element elementor-element-73325728 elementor-widget elementor-widget-image\" data-id=\"73325728\" data-element_type=\"widget\" data-widget_type=\"image.default\">\n\t\t\t\t<div class=\"elementor-widget-container\">\n\t\t\t\t\t\t\t\t\t\t\t\t\t<img decoding=\"async\" width=\"800\" height=\"535\" src=\"https:\/\/shop.fortuno.hr\/wp-content\/uploads\/2024\/07\/garden.jpg\" class=\"attachment-large size-large wp-image-1129\" alt=\"\" srcset=\"https:\/\/shop.fortuno.hr\/wp-content\/uploads\/2024\/07\/garden.jpg 1000w, https:\/\/shop.fortuno.hr\/wp-content\/uploads\/2024\/07\/garden-300x201.jpg 300w, https:\/\/shop.fortuno.hr\/wp-content\/uploads\/2024\/07\/garden-768x514.jpg 768w, https:\/\/shop.fortuno.hr\/wp-content\/uploads\/2024\/07\/garden-18x12.jpg 18w, https:\/\/shop.fortuno.hr\/wp-content\/uploads\/2024\/07\/garden-600x401.jpg 600w\" sizes=\"(max-width: 800px) 100vw, 800px\" \/>\t\t\t\t\t\t\t\t\t\t\t\t\t<\/div>\n\t\t\t\t<\/div>\n\t\t\t\t<div class=\"elementor-element elementor-element-6afe40c4 elementor-widget elementor-widget-text-editor\" data-id=\"6afe40c4\" data-element_type=\"widget\" data-widget_type=\"text-editor.default\">\n\t\t\t\t<div class=\"elementor-widget-container\">\n\t\t\t\t\t\t\t<h3>Educational Signage<\/h3><p>Use InfoBoards in botanical gardens, historical sites, or outdoor classrooms to display information about plants, historical facts, or educational content.<\/p>\t\t\t\t\t\t<\/div>\n\t\t\t\t<\/div>\n\t\t\t\t<\/div>\n\t\t<div class=\"elementor-element elementor-element-585c0b8f e-con-full e-flex e-con e-child\" data-id=\"585c0b8f\" data-element_type=\"container\">\n\t\t\t\t<div class=\"elementor-element elementor-element-6cdaf819 elementor-widget elementor-widget-image\" data-id=\"6cdaf819\" data-element_type=\"widget\" data-widget_type=\"image.default\">\n\t\t\t\t<div class=\"elementor-widget-container\">\n\t\t\t\t\t\t\t\t\t\t\t\t\t<img decoding=\"async\" width=\"640\" height=\"427\" src=\"https:\/\/shop.fortuno.hr\/wp-content\/uploads\/2024\/07\/biking.jpg\" class=\"attachment-large size-large wp-image-1124\" alt=\"\" srcset=\"https:\/\/shop.fortuno.hr\/wp-content\/uploads\/2024\/07\/biking.jpg 640w, https:\/\/shop.fortuno.hr\/wp-content\/uploads\/2024\/07\/biking-300x200.jpg 300w, https:\/\/shop.fortuno.hr\/wp-content\/uploads\/2024\/07\/biking-18x12.jpg 18w, https:\/\/shop.fortuno.hr\/wp-content\/uploads\/2024\/07\/biking-600x400.jpg 600w\" sizes=\"(max-width: 640px) 100vw, 640px\" \/>\t\t\t\t\t\t\t\t\t\t\t\t\t<\/div>\n\t\t\t\t<\/div>\n\t\t\t\t<div class=\"elementor-element elementor-element-34ffacc7 elementor-widget elementor-widget-text-editor\" data-id=\"34ffacc7\" data-element_type=\"widget\" data-widget_type=\"text-editor.default\">\n\t\t\t\t<div class=\"elementor-widget-container\">\n\t\t\t\t\t\t\t<h3>Wayfinding Solutions<\/h3><p>Install InfoBoards along trails, pathways, or public areas to provide directions, points of interest, or safety information for hikers, bikers, or tourists.<\/p>\t\t\t\t\t\t<\/div>\n\t\t\t\t<\/div>\n\t\t\t\t<\/div>\n\t\t<div class=\"elementor-element elementor-element-6c7a2708 e-con-full e-flex e-con e-child\" data-id=\"6c7a2708\" data-element_type=\"container\">\n\t\t\t\t<div class=\"elementor-element elementor-element-7fc09c03 elementor-widget elementor-widget-image\" data-id=\"7fc09c03\" data-element_type=\"widget\" data-widget_type=\"image.default\">\n\t\t\t\t<div class=\"elementor-widget-container\">\n\t\t\t\t\t\t\t\t\t\t\t\t\t<img loading=\"lazy\" decoding=\"async\" width=\"800\" height=\"520\" src=\"https:\/\/shop.fortuno.hr\/wp-content\/uploads\/2024\/07\/poster.jpg\" class=\"attachment-large size-large wp-image-1134\" alt=\"\" srcset=\"https:\/\/shop.fortuno.hr\/wp-content\/uploads\/2024\/07\/poster.jpg 1000w, https:\/\/shop.fortuno.hr\/wp-content\/uploads\/2024\/07\/poster-300x195.jpg 300w, https:\/\/shop.fortuno.hr\/wp-content\/uploads\/2024\/07\/poster-768x499.jpg 768w, https:\/\/shop.fortuno.hr\/wp-content\/uploads\/2024\/07\/poster-18x12.jpg 18w, https:\/\/shop.fortuno.hr\/wp-content\/uploads\/2024\/07\/poster-600x390.jpg 600w\" sizes=\"(max-width: 800px) 100vw, 800px\" \/>\t\t\t\t\t\t\t\t\t\t\t\t\t<\/div>\n\t\t\t\t<\/div>\n\t\t\t\t<div class=\"elementor-element elementor-element-2d6cafaf elementor-widget elementor-widget-text-editor\" data-id=\"2d6cafaf\" data-element_type=\"widget\" data-widget_type=\"text-editor.default\">\n\t\t\t\t<div class=\"elementor-widget-container\">\n\t\t\t\t\t\t\t<h3>Event Promotion:<\/h3><p>Use InfoBoards to advertise upcoming events, workshops, or community meetings, ensuring visibility for local residents and visitors.<\/p>\t\t\t\t\t\t<\/div>\n\t\t\t\t<\/div>\n\t\t\t\t<\/div>\n\t\t<div class=\"elementor-element elementor-element-70e69c71 e-con-full e-flex e-con e-child\" data-id=\"70e69c71\" data-element_type=\"container\">\n\t\t\t\t<div class=\"elementor-element elementor-element-5e681146 elementor-widget elementor-widget-image\" data-id=\"5e681146\" data-element_type=\"widget\" data-widget_type=\"image.default\">\n\t\t\t\t<div class=\"elementor-widget-container\">\n\t\t\t\t\t\t\t\t\t\t\t\t\t<img loading=\"lazy\" decoding=\"async\" width=\"640\" height=\"427\" src=\"https:\/\/shop.fortuno.hr\/wp-content\/uploads\/2024\/07\/street.jpg\" class=\"attachment-large size-large wp-image-1136\" alt=\"\" srcset=\"https:\/\/shop.fortuno.hr\/wp-content\/uploads\/2024\/07\/street.jpg 640w, https:\/\/shop.fortuno.hr\/wp-content\/uploads\/2024\/07\/street-300x200.jpg 300w, https:\/\/shop.fortuno.hr\/wp-content\/uploads\/2024\/07\/street-18x12.jpg 18w, https:\/\/shop.fortuno.hr\/wp-content\/uploads\/2024\/07\/street-600x400.jpg 600w\" sizes=\"(max-width: 640px) 100vw, 640px\" \/>\t\t\t\t\t\t\t\t\t\t\t\t\t<\/div>\n\t\t\t\t<\/div>\n\t\t\t\t<div class=\"elementor-element elementor-element-45455492 elementor-widget elementor-widget-text-editor\" data-id=\"45455492\" data-element_type=\"widget\" data-widget_type=\"text-editor.default\">\n\t\t\t\t<div class=\"elementor-widget-container\">\n\t\t\t\t\t\t\t<h3>Cultural Displays<\/h3><p>Place InfoBoards at cultural sites to provide context about the significance of the location and notable figures associated with it.<\/p>\t\t\t\t\t\t<\/div>\n\t\t\t\t<\/div>\n\t\t\t\t<\/div>\n\t\t<div class=\"elementor-element elementor-element-553f24cc e-con-full e-flex e-con e-child\" data-id=\"553f24cc\" data-element_type=\"container\">\n\t\t\t\t<div class=\"elementor-element elementor-element-416d7636 elementor-widget elementor-widget-image\" data-id=\"416d7636\" data-element_type=\"widget\" data-widget_type=\"image.default\">\n\t\t\t\t<div class=\"elementor-widget-container\">\n\t\t\t\t\t\t\t\t\t\t\t\t\t<img loading=\"lazy\" decoding=\"async\" width=\"800\" height=\"534\" src=\"https:\/\/shop.fortuno.hr\/wp-content\/uploads\/2024\/07\/hunt.jpg\" class=\"attachment-large size-large wp-image-1132\" alt=\"\" srcset=\"https:\/\/shop.fortuno.hr\/wp-content\/uploads\/2024\/07\/hunt.jpg 1000w, https:\/\/shop.fortuno.hr\/wp-content\/uploads\/2024\/07\/hunt-300x200.jpg 300w, https:\/\/shop.fortuno.hr\/wp-content\/uploads\/2024\/07\/hunt-768x512.jpg 768w, https:\/\/shop.fortuno.hr\/wp-content\/uploads\/2024\/07\/hunt-18x12.jpg 18w, https:\/\/shop.fortuno.hr\/wp-content\/uploads\/2024\/07\/hunt-600x400.jpg 600w\" sizes=\"(max-width: 800px) 100vw, 800px\" \/>\t\t\t\t\t\t\t\t\t\t\t\t\t<\/div>\n\t\t\t\t<\/div>\n\t\t\t\t<div class=\"elementor-element elementor-element-5d8f6465 elementor-widget elementor-widget-text-editor\" data-id=\"5d8f6465\" data-element_type=\"widget\" data-widget_type=\"text-editor.default\">\n\t\t\t\t<div class=\"elementor-widget-container\">\n\t\t\t\t\t\t\t<h3>Interactive Learning Stations<\/h3><p>Incorporate InfoBoards for quizzes or scavenger hunts, encouraging visitors to scan QR codes for hints or interesting facts.<\/p>\t\t\t\t\t\t<\/div>\n\t\t\t\t<\/div>\n\t\t\t\t<\/div>\n\t\t\t\t\t<\/div>\n\t\t\t\t<\/div>\n\t\t\t\t<\/div>","protected":false},"excerpt":{"rendered":"","protected":false},"featured_media":749,"comment_status":"open","ping_status":"closed","template":"","meta":[],"product_cat":[66,55,63,64,56,52,53],"product_tag":[],"class_list":{"0":"post-409","1":"product","2":"type-product","3":"status-publish","4":"has-post-thumbnail","6":"product_cat-restaurants","7":"product_cat-tourist-board","8":"product_cat-apartments","9":"product_cat-cultural-attraction","10":"product_cat-tourist-attraction","11":"product_cat-indoor","12":"product_cat-outdoor","14":"first","15":"instock","16":"taxable","17":"shipping-taxable","18":"purchasable","19":"product-type-variable"},"_links":{"self":[{"href":"https:\/\/shop.fortuno.hr\/de\/wp-json\/wp\/v2\/product\/409","targetHints":{"allow":["GET"]}}],"collection":[{"href":"https:\/\/shop.fortuno.hr\/de\/wp-json\/wp\/v2\/product"}],"about":[{"href":"https:\/\/shop.fortuno.hr\/de\/wp-json\/wp\/v2\/types\/product"}],"replies":[{"embeddable":true,"href":"https:\/\/shop.fortuno.hr\/de\/wp-json\/wp\/v2\/comments?post=409"}],"version-history":[{"count":2,"href":"https:\/\/shop.fortuno.hr\/de\/wp-json\/wp\/v2\/product\/409\/revisions"}],"predecessor-version":[{"id":671,"href":"https:\/\/shop.fortuno.hr\/de\/wp-json\/wp\/v2\/product\/409\/revisions\/671"}],"wp:featuredmedia":[{"embeddable":true,"href":"https:\/\/shop.fortuno.hr\/de\/wp-json\/wp\/v2\/media\/749"}],"wp:attachment":[{"href":"https:\/\/shop.fortuno.hr\/de\/wp-json\/wp\/v2\/media?parent=409"}],"wp:term":[{"taxonomy":"product_cat","embeddable":true,"href":"https:\/\/shop.fortuno.hr\/de\/wp-json\/wp\/v2\/product_cat?post=409"},{"taxonomy":"product_tag","embeddable":true,"href":"https:\/\/shop.fortuno.hr\/de\/wp-json\/wp\/v2\/product_tag?post=409"}],"curies":[{"name":"wp","href":"https:\/\/api.w.org\/{rel}","templated":true}]}}