{"id":127,"date":"2024-06-27T14:00:12","date_gmt":"2024-06-27T12:00:12","guid":{"rendered":"https:\/\/shop.fortuno.hr\/?post_type=product&#038;p=127"},"modified":"2024-07-17T18:40:52","modified_gmt":"2024-07-17T16:40:52","slug":"infocube","status":"publish","type":"product","link":"https:\/\/shop.fortuno.hr\/de\/produkt\/infocube\/","title":{"rendered":"InfoCube Premium"},"content":{"rendered":"<div data-elementor-type=\"section\" data-elementor-id=\"261\" class=\"elementor elementor-261\" data-elementor-post-type=\"elementor_library\">\n\t\t\t<div class=\"elementor-element elementor-element-9e3f978 e-flex e-con-boxed e-con e-parent\" data-id=\"9e3f978\" data-element_type=\"container\">\n\t\t\t\t\t<div class=\"e-con-inner\">\n\t\t\t\t<div class=\"elementor-element elementor-element-dd3a26a elementor-widget elementor-widget-text-editor\" data-id=\"dd3a26a\" data-element_type=\"widget\" data-widget_type=\"text-editor.default\">\n\t\t\t\t<div class=\"elementor-widget-container\">\n\t\t\t<style>\/*! elementor - v3.23.0 - 25-07-2024 *\/\n.elementor-widget-text-editor.elementor-drop-cap-view-stacked .elementor-drop-cap{background-color:#69727d;color:#fff}.elementor-widget-text-editor.elementor-drop-cap-view-framed .elementor-drop-cap{color:#69727d;border:3px solid;background-color:transparent}.elementor-widget-text-editor:not(.elementor-drop-cap-view-default) .elementor-drop-cap{margin-top:8px}.elementor-widget-text-editor:not(.elementor-drop-cap-view-default) .elementor-drop-cap-letter{width:1em;height:1em}.elementor-widget-text-editor .elementor-drop-cap{float:left;text-align:center;line-height:1;font-size:50px}.elementor-widget-text-editor .elementor-drop-cap-letter{display:inline-block}<\/style>\t\t\t\t<h3><strong>Entdecken Sie die Zukunft der Informationsverbreitung mit InfoCube<\/strong><\/h3><p>Der InfoCube ist eine innovative L\u00f6sung, die die Art und Weise, wie Sie Informationen teilen, revolutionieren wird. Mit seinen perfekt kompakten Abmessungen von 8 x 8 cm verleiht dieser innovative W\u00fcrfel herk\u00f6mmlichen Informationsanzeigen eine moderne Note. Da alle sechs Seiten durch Gravuren personalisierbar sind, bietet er eine einzigartige und ansprechende M\u00f6glichkeit, Nachrichten zu kommunizieren, ideal f\u00fcr eine Vielzahl von Umgebungen.<\/p><h3><strong>Funktionen und Vorteile:<\/strong><\/h3><ul><li><strong>Interaktive Technologie<\/strong>: Ausgestattet mit NFC- und QR-Technologie erm\u00f6glicht InfoCube den m\u00fchelosen Zugriff auf Informationen mit jedem Smartphone.<\/li><li><strong>Anpassbares Design:<\/strong> Personalisieren Sie alle sechs Seiten des W\u00fcrfels mit individuellen Gravuren, um Ihre gew\u00fcnschten Nachrichten und Ihr Branding zu vermitteln.<\/li><li><strong>Elegante Pr\u00e4sentation:<\/strong> Der mitgelieferte Sockel mit den Ma\u00dfen 12 x 12 x 2 cm steigert die \u00e4sthetische Wirkung des W\u00fcrfels und macht ihn zu einer markanten Erg\u00e4nzung f\u00fcr jede Umgebung.<\/li><li><strong>Einsatzbereit:<\/strong> Jeder InfoCube wird vorab programmiert und eingerichtet ausgeliefert, so dass er nach der Lieferung sofort einsatzbereit ist.<\/li><\/ul><h3><strong>Perfekt f\u00fcr jede Umgebung:<\/strong><\/h3><p>InfoCube ist f\u00fcr den Einsatz in unterschiedlichsten Umgebungen konzipiert, darunter:<\/p><ul><li><strong>Veranstaltungen und Ausstellungen:<\/strong> Ersetzen Sie unhandliche Tablets durch ein elegantes, interaktives Display, das die Teilnehmer fesselt.<\/li><li><strong>Unterk\u00fcnfte:<\/strong> Verbessern Sie das G\u00e4steerlebnis in Hotellobbys, Zimmern, Apartments und Villen, indem Sie einfachen Zugriff auf wichtige Informationen und Services bieten.<\/li><\/ul><p>\u00a0<\/p>\t\t\t\t\t\t<\/div>\n\t\t\t\t<\/div>\n\t\t\t\t<div class=\"elementor-element elementor-element-c0a1aab elementor-widget elementor-widget-image\" data-id=\"c0a1aab\" data-element_type=\"widget\" data-widget_type=\"image.default\">\n\t\t\t\t<div class=\"elementor-widget-container\">\n\t\t\t<style>\/*! elementor - v3.23.0 - 25-07-2024 *\/\n.elementor-widget-image{text-align:center}.elementor-widget-image a{display:inline-block}.elementor-widget-image a img[src$=\".svg\"]{width:48px}.elementor-widget-image img{vertical-align:middle;display:inline-block}<\/style>\t\t\t\t\t\t\t\t\t\t<img fetchpriority=\"high\" decoding=\"async\" width=\"2560\" height=\"1707\" src=\"https:\/\/shop.fortuno.hr\/wp-content\/uploads\/2024\/06\/IMG_0429-min-scaled.jpg\" class=\"attachment-full size-full wp-image-140\" alt=\"InfoCube\" srcset=\"https:\/\/shop.fortuno.hr\/wp-content\/uploads\/2024\/06\/IMG_0429-min-scaled.jpg 2560w, https:\/\/shop.fortuno.hr\/wp-content\/uploads\/2024\/06\/IMG_0429-min-300x200.jpg 300w, https:\/\/shop.fortuno.hr\/wp-content\/uploads\/2024\/06\/IMG_0429-min-1024x683.jpg 1024w, https:\/\/shop.fortuno.hr\/wp-content\/uploads\/2024\/06\/IMG_0429-min-768x512.jpg 768w, https:\/\/shop.fortuno.hr\/wp-content\/uploads\/2024\/06\/IMG_0429-min-1536x1024.jpg 1536w, https:\/\/shop.fortuno.hr\/wp-content\/uploads\/2024\/06\/IMG_0429-min-2048x1365.jpg 2048w, https:\/\/shop.fortuno.hr\/wp-content\/uploads\/2024\/06\/IMG_0429-min-600x400.jpg 600w\" sizes=\"(max-width: 2560px) 100vw, 2560px\" \/>\t\t\t\t\t\t\t\t\t\t\t\t\t<\/div>\n\t\t\t\t<\/div>\n\t\t\t\t<div class=\"elementor-element elementor-element-d5fc16b elementor-widget elementor-widget-text-editor\" data-id=\"d5fc16b\" data-element_type=\"widget\" data-widget_type=\"text-editor.default\">\n\t\t\t\t<div class=\"elementor-widget-container\">\n\t\t\t\t\t\t\t<h3><strong>Premium-Qualit\u00e4t und Haltbarkeit:<\/strong><\/h3><ul><li><strong>Materialien:<\/strong> Der aus nat\u00fcrlichem Eichenholz 100% gefertigte InfoCube ist nicht nur optisch ansprechend, sondern auch auf Langlebigkeit ausgelegt.<\/li><li><strong>Verwendung im Innen- und Au\u00dfenbereich:<\/strong> Obwohl f\u00fcr den Einsatz im Innenbereich konzipiert, gew\u00e4hrleistet die robuste Konstruktion eine hohe Widerstandsf\u00e4higkeit gegen\u00fcber den Bedingungen im Freien.<\/li><\/ul><h3><strong>Installation und Verwendung:<\/strong><\/h3><ul><li><strong>Problemlose Einrichtung:<\/strong> Keine Installation erforderlich \u2013 stellen Sie den InfoCube einfach auf seinen Sockel und schon ist er einsatzbereit.<\/li><li><strong>Vielseitige Anwendungen:<\/strong> Verwenden Sie InfoCube zur Anzeige lokaler Sehensw\u00fcrdigkeiten, Veranstaltungsinformationen, Zimmerservice-Men\u00fcs und mehr und integrieren Sie es nahtlos in jeden Raum.<\/li><\/ul><h3>Bestell- und Versandinformationen:<\/h3><ul><li><strong>Einfache Bestellung:<\/strong> Geben Sie Bestellungen \u00fcber unsere Website auf oder wenden Sie sich direkt an unser Verkaufsteam.<\/li><li><strong>Weltweiter Versand:<\/strong> Profitieren Sie von verschiedenen Versandoptionen, die Ihren Anforderungen entsprechen, mit zus\u00e4tzlicher Bearbeitungszeit f\u00fcr Sonderanfertigungen.<\/li><\/ul><h3>Empfohlene Vorgehensweise:<\/h3><p>Nutzen Sie InfoCube, um das G\u00e4steerlebnis zu verbessern und Abl\u00e4ufe in Hotels, Apartments und Villen zu optimieren. Begr\u00fc\u00dfen Sie G\u00e4ste in Lobbys mit Informationen zu lokalen Sehensw\u00fcrdigkeiten und Veranstaltungen. Bieten Sie in Zimmern bequemen Zugriff auf Zimmerservice-Men\u00fcs und lokale Empfehlungen. InfoCube fungiert als pers\u00f6nlicher Concierge und ver\u00e4ndert die Art und Weise, wie Informationen geteilt und erlebt werden.<\/p><p><em style=\"color: inherit; font-size: 2rem; font-weight: 600; text-align: var(--text-align);\"><strong>Begr\u00fc\u00dfen Sie die Zukunft mit InfoCube \u2013 wo Innovation auf Eleganz trifft.<\/strong><\/em><\/p>\t\t\t\t\t\t<\/div>\n\t\t\t\t<\/div>\n\t\t\t\t\t<\/div>\n\t\t\t\t<\/div>\n\t\t\t\t<\/div>\n\t\t\n<p>&nbsp;<\/p>","protected":false},"excerpt":{"rendered":"<p>The InfoCube is an innovative 8&#215;8 cm cube that redefines information sharing with its NFC and QR technology. Customizable on all six sides, it offers a unique, engaging way to display messages. Made from 100% natural oak wood, it includes a pedestal for enhanced aesthetic appeal. Ideal for events, exhibitions, and accommodations, InfoCube is a modern replacement for traditional tablets, providing seamless access to information with just a smartphone. No installation is required\u2014simply place it and use it. Order online for worldwide shipping.<\/p>","protected":false},"featured_media":733,"comment_status":"open","ping_status":"closed","template":"","meta":[],"product_cat":[55,62,63,57,52],"product_tag":[],"class_list":{"0":"post-127","1":"product","2":"type-product","3":"status-publish","4":"has-post-thumbnail","6":"product_cat-tourist-board","7":"product_cat-hotels","8":"product_cat-apartments","9":"product_cat-exhibitions-organizers","10":"product_cat-indoor","12":"first","13":"instock","14":"sale","15":"taxable","16":"shipping-taxable","17":"purchasable","18":"product-type-variable"},"_links":{"self":[{"href":"https:\/\/shop.fortuno.hr\/de\/wp-json\/wp\/v2\/product\/127","targetHints":{"allow":["GET"]}}],"collection":[{"href":"https:\/\/shop.fortuno.hr\/de\/wp-json\/wp\/v2\/product"}],"about":[{"href":"https:\/\/shop.fortuno.hr\/de\/wp-json\/wp\/v2\/types\/product"}],"replies":[{"embeddable":true,"href":"https:\/\/shop.fortuno.hr\/de\/wp-json\/wp\/v2\/comments?post=127"}],"version-history":[{"count":6,"href":"https:\/\/shop.fortuno.hr\/de\/wp-json\/wp\/v2\/product\/127\/revisions"}],"predecessor-version":[{"id":424,"href":"https:\/\/shop.fortuno.hr\/de\/wp-json\/wp\/v2\/product\/127\/revisions\/424"}],"wp:featuredmedia":[{"embeddable":true,"href":"https:\/\/shop.fortuno.hr\/de\/wp-json\/wp\/v2\/media\/733"}],"wp:attachment":[{"href":"https:\/\/shop.fortuno.hr\/de\/wp-json\/wp\/v2\/media?parent=127"}],"wp:term":[{"taxonomy":"product_cat","embeddable":true,"href":"https:\/\/shop.fortuno.hr\/de\/wp-json\/wp\/v2\/product_cat?post=127"},{"taxonomy":"product_tag","embeddable":true,"href":"https:\/\/shop.fortuno.hr\/de\/wp-json\/wp\/v2\/product_tag?post=127"}],"curies":[{"name":"wp","href":"https:\/\/api.w.org\/{rel}","templated":true}]}}